{"id":778,"date":"2019-11-26T08:54:08","date_gmt":"2019-11-26T08:54:08","guid":{"rendered":"https:\/\/www.theelliesoutter.foundation\/?page_id=778"},"modified":"2022-03-24T13:45:16","modified_gmt":"2022-03-24T13:45:16","slug":"deborah-anthonioz","status":"publish","type":"page","link":"https:\/\/theelliesoutter.foundation\/fr\/ambassadors\/deborah-anthonioz\/","title":{"rendered":"Portrait D\u00e9borah Anthonioz"},"content":{"rendered":"<p>Revenez bient\u00f4t pour d\u00e9couvrir pourquoi D\u00e9borah soutient la Fondation Ellie Soutter. D\u00e9borah \u00e9tait l'entra\u00eeneuse d'Ellie. Elle est m\u00e9daill\u00e9e olympique de snowboard et r\u00e9side aux Gets.<\/p>","protected":false},"excerpt":{"rendered":"<p>Revenez bient\u00f4t pour d\u00e9couvrir pourquoi D\u00e9borah soutient la Fondation Ellie Soutter. D\u00e9borah \u00e9tait l'entra\u00eeneuse d'Ellie. Elle est m\u00e9daill\u00e9e olympique de snowboard et r\u00e9side aux Gets.<\/p>","protected":false},"author":1,"featured_media":835,"parent":1851,"menu_order":0,"comment_status":"closed","ping_status":"closed","template":"templates\/full-width-page.php","meta":{"_uag_custom_page_level_css":"","_price":"","_stock":"","_tribe_ticket_header":"","_tribe_default_ticket_provider":"","_tribe_ticket_capacity":"0","_ticket_start_date":"","_ticket_end_date":"","_tribe_ticket_show_description":"","_tribe_ticket_show_not_going":false,"_tribe_ticket_use_global_stock":"","_tribe_ticket_global_stock_level":"","_global_stock_mode":"","_global_stock_cap":"","_tribe_rsvp_for_event":"","_tribe_ticket_going_count":"","_tribe_ticket_not_going_count":"","_tribe_tickets_list":"[]","_tribe_ticket_has_attendee_info_fields":false,"footnotes":"","_tec_slr_enabled":"","_tec_slr_layout":""},"class_list":["post-778","page","type-page","status-publish","has-post-thumbnail","hentry"],"uagb_featured_image_src":{"full":["https:\/\/theelliesoutter.foundation\/wp-content\/uploads\/2019\/11\/deboarah-anthonioz-ambassador.png",1000,600,false],"thumbnail":["https:\/\/theelliesoutter.foundation\/wp-content\/uploads\/2019\/11\/deboarah-anthonioz-ambassador-150x150.png",150,150,true],"medium":["https:\/\/theelliesoutter.foundation\/wp-content\/uploads\/2019\/11\/deboarah-anthonioz-ambassador-300x180.png",300,180,true],"medium_large":["https:\/\/theelliesoutter.foundation\/wp-content\/uploads\/2019\/11\/deboarah-anthonioz-ambassador-768x461.png",720,432,true],"large":["https:\/\/theelliesoutter.foundation\/wp-content\/uploads\/2019\/11\/deboarah-anthonioz-ambassador.png",720,432,false],"1536x1536":["https:\/\/theelliesoutter.foundation\/wp-content\/uploads\/2019\/11\/deboarah-anthonioz-ambassador.png",1000,600,false],"2048x2048":["https:\/\/theelliesoutter.foundation\/wp-content\/uploads\/2019\/11\/deboarah-anthonioz-ambassador.png",1000,600,false],"trp-custom-language-flag":["https:\/\/theelliesoutter.foundation\/wp-content\/uploads\/2019\/11\/deboarah-anthonioz-ambassador.png",18,12,false],"spencer_plugin_featgal_small_thumb":["https:\/\/theelliesoutter.foundation\/wp-content\/uploads\/2019\/11\/deboarah-anthonioz-ambassador-100x100.png",100,100,true],"post-thumbnail":["https:\/\/theelliesoutter.foundation\/wp-content\/uploads\/2019\/11\/deboarah-anthonioz-ambassador-750x500.png",750,500,true],"spencer_item":["https:\/\/theelliesoutter.foundation\/wp-content\/uploads\/2019\/11\/deboarah-anthonioz-ambassador-555x600.png",555,600,true],"spencer_item_tall":["https:\/\/theelliesoutter.foundation\/wp-content\/uploads\/2019\/11\/deboarah-anthonioz-ambassador-555x333.png",555,333,true],"spencer_fullwidth":["https:\/\/theelliesoutter.foundation\/wp-content\/uploads\/2019\/11\/deboarah-anthonioz-ambassador.png",1000,600,false],"spencer_hero":["https:\/\/theelliesoutter.foundation\/wp-content\/uploads\/2019\/11\/deboarah-anthonioz-ambassador-1000x250.png",1000,250,true],"spencer_slide":["https:\/\/theelliesoutter.foundation\/wp-content\/uploads\/2019\/11\/deboarah-anthonioz-ambassador.png",1000,600,false],"maxslider_slide":["https:\/\/theelliesoutter.foundation\/wp-content\/uploads\/2019\/11\/deboarah-anthonioz-ambassador-750x450.png",750,450,true],"profile_24":["https:\/\/theelliesoutter.foundation\/wp-content\/uploads\/2019\/11\/deboarah-anthonioz-ambassador-24x24.png",24,24,true],"profile_48":["https:\/\/theelliesoutter.foundation\/wp-content\/uploads\/2019\/11\/deboarah-anthonioz-ambassador-48x48.png",48,48,true],"profile_96":["https:\/\/theelliesoutter.foundation\/wp-content\/uploads\/2019\/11\/deboarah-anthonioz-ambassador-96x96.png",96,96,true],"profile_150":["https:\/\/theelliesoutter.foundation\/wp-content\/uploads\/2019\/11\/deboarah-anthonioz-ambassador-150x150.png",150,150,true],"profile_300":["https:\/\/theelliesoutter.foundation\/wp-content\/uploads\/2019\/11\/deboarah-anthonioz-ambassador-300x300.png",300,300,true]},"uagb_author_info":{"display_name":"Amie Henderson","author_link":"https:\/\/theelliesoutter.foundation\/fr\/author\/amieorigami-media-com\/"},"uagb_comment_info":0,"uagb_excerpt":"Check back soon for more information on why Deborah is supporting The Ellie Soutter Foundation. She was Ellie\u2019s coach, is a proud Les Gets resident and an Olympic medal winning snowboarder.","jetpack_sharing_enabled":true,"ticketed":false,"_links":{"self":[{"href":"https:\/\/theelliesoutter.foundation\/fr\/wp-json\/wp\/v2\/pages\/778","targetHints":{"allow":["GET"]}}],"collection":[{"href":"https:\/\/theelliesoutter.foundation\/fr\/wp-json\/wp\/v2\/pages"}],"about":[{"href":"https:\/\/theelliesoutter.foundation\/fr\/wp-json\/wp\/v2\/types\/page"}],"author":[{"embeddable":true,"href":"https:\/\/theelliesoutter.foundation\/fr\/wp-json\/wp\/v2\/users\/1"}],"replies":[{"embeddable":true,"href":"https:\/\/theelliesoutter.foundation\/fr\/wp-json\/wp\/v2\/comments?post=778"}],"version-history":[{"count":0,"href":"https:\/\/theelliesoutter.foundation\/fr\/wp-json\/wp\/v2\/pages\/778\/revisions"}],"up":[{"embeddable":true,"href":"https:\/\/theelliesoutter.foundation\/fr\/wp-json\/wp\/v2\/pages\/1851"}],"wp:featuredmedia":[{"embeddable":true,"href":"https:\/\/theelliesoutter.foundation\/fr\/wp-json\/wp\/v2\/media\/835"}],"wp:attachment":[{"href":"https:\/\/theelliesoutter.foundation\/fr\/wp-json\/wp\/v2\/media?parent=778"}],"curies":[{"name":"wp","href":"https:\/\/api.w.org\/{rel}","templated":true}]}}