{"id":773,"date":"2019-11-25T14:51:19","date_gmt":"2019-11-25T14:51:19","guid":{"rendered":"https:\/\/www.theelliesoutter.foundation\/?page_id=773"},"modified":"2022-03-24T13:45:08","modified_gmt":"2022-03-24T13:45:08","slug":"emily-sarsfield","status":"publish","type":"page","link":"https:\/\/theelliesoutter.foundation\/fr\/ambassadors\/emily-sarsfield\/","title":{"rendered":"Portrait d'Emily Sarsfield"},"content":{"rendered":"<p>Nous sommes tr\u00e8s heureux qu'Emily ait rejoint la Fondation Ellie Soutter en tant qu'ambassadrice. Athl\u00e8te chevronn\u00e9e et sportive de niveau olympique, Emily nous offre sa pr\u00e9cieuse exp\u00e9rience de professionnelle des sports d'hiver. Elle \u00e9tait une amie proche d'Ellie. <\/p>\n\n\n\n<blockquote class=\"wp-block-quote is-layout-flow wp-block-quote-is-layout-flow\"><p>\u00ab C'\u00e9tait pour moi un grand honneur de devenir ambassadrice de la fondation ES pour de nombreuses raisons. La premi\u00e8re, et la plus importante, c'est qu'Ellie \u00e9tait une jeune femme sociable, \u00e9nergique et talentueuse que j'ai eu la chance d'avoir comme co\u00e9quipi\u00e8re lorsqu'elle a rejoint l'\u00e9quipe senior de Grande-Bretagne, et je suis ravie de contribuer \u00e0 perp\u00e9tuer son nom dans le milieu des sports d'hiver ! La deuxi\u00e8me raison, c'est ce que fait la fondation. Non seulement elle sensibilise le public \u00e0 l'importance de la sant\u00e9 mentale et de la psychologie dans le milieu sportif et chez les jeunes, mais elle collecte \u00e9galement des fonds pour soutenir les futures stars des sports d'hiver comme Ellie et les aider \u00e0 couvrir leurs frais d'entra\u00eenement, d'\u00e9quipement et de comp\u00e9tition, qui peuvent \u00eatre extr\u00eamement difficiles \u00e0 assumer pour les athl\u00e8tes britanniques pratiquant les sports d'hiver. \u00bb<\/p><cite>Emily Sarsfield<\/cite><\/blockquote>","protected":false},"excerpt":{"rendered":"<p>We&#8217;re delighted that Emily has joined The Ellie Soutter Foundation as an ambassador. As a seasoned professional and an Olympic athlete, Emily can offer huge insight into the career of a professional winter sports athlete and she was close friends with Ellie. \u2018I was so honoured to become an ambassador [&hellip;]<\/p>\n","protected":false},"author":1,"featured_media":836,"parent":1851,"menu_order":0,"comment_status":"closed","ping_status":"closed","template":"","meta":{"_uag_custom_page_level_css":"","_price":"","_stock":"","_tribe_ticket_header":"","_tribe_default_ticket_provider":"","_tribe_ticket_capacity":"0","_ticket_start_date":"","_ticket_end_date":"","_tribe_ticket_show_description":"","_tribe_ticket_show_not_going":false,"_tribe_ticket_use_global_stock":"","_tribe_ticket_global_stock_level":"","_global_stock_mode":"","_global_stock_cap":"","_tribe_rsvp_for_event":"","_tribe_ticket_going_count":"","_tribe_ticket_not_going_count":"","_tribe_tickets_list":"[]","_tribe_ticket_has_attendee_info_fields":false,"footnotes":"","_tec_slr_enabled":"","_tec_slr_layout":""},"class_list":["post-773","page","type-page","status-publish","has-post-thumbnail","hentry"],"uagb_featured_image_src":{"full":["https:\/\/theelliesoutter.foundation\/wp-content\/uploads\/2019\/11\/emily-sarsfield-ambassador.png",1000,600,false],"thumbnail":["https:\/\/theelliesoutter.foundation\/wp-content\/uploads\/2019\/11\/emily-sarsfield-ambassador-150x150.png",150,150,true],"medium":["https:\/\/theelliesoutter.foundation\/wp-content\/uploads\/2019\/11\/emily-sarsfield-ambassador-300x180.png",300,180,true],"medium_large":["https:\/\/theelliesoutter.foundation\/wp-content\/uploads\/2019\/11\/emily-sarsfield-ambassador-768x461.png",720,432,true],"large":["https:\/\/theelliesoutter.foundation\/wp-content\/uploads\/2019\/11\/emily-sarsfield-ambassador.png",720,432,false],"1536x1536":["https:\/\/theelliesoutter.foundation\/wp-content\/uploads\/2019\/11\/emily-sarsfield-ambassador.png",1000,600,false],"2048x2048":["https:\/\/theelliesoutter.foundation\/wp-content\/uploads\/2019\/11\/emily-sarsfield-ambassador.png",1000,600,false],"trp-custom-language-flag":["https:\/\/theelliesoutter.foundation\/wp-content\/uploads\/2019\/11\/emily-sarsfield-ambassador.png",18,12,false],"spencer_plugin_featgal_small_thumb":["https:\/\/theelliesoutter.foundation\/wp-content\/uploads\/2019\/11\/emily-sarsfield-ambassador-100x100.png",100,100,true],"post-thumbnail":["https:\/\/theelliesoutter.foundation\/wp-content\/uploads\/2019\/11\/emily-sarsfield-ambassador-750x500.png",750,500,true],"spencer_item":["https:\/\/theelliesoutter.foundation\/wp-content\/uploads\/2019\/11\/emily-sarsfield-ambassador-555x600.png",555,600,true],"spencer_item_tall":["https:\/\/theelliesoutter.foundation\/wp-content\/uploads\/2019\/11\/emily-sarsfield-ambassador-555x333.png",555,333,true],"spencer_fullwidth":["https:\/\/theelliesoutter.foundation\/wp-content\/uploads\/2019\/11\/emily-sarsfield-ambassador.png",1000,600,false],"spencer_hero":["https:\/\/theelliesoutter.foundation\/wp-content\/uploads\/2019\/11\/emily-sarsfield-ambassador-1000x250.png",1000,250,true],"spencer_slide":["https:\/\/theelliesoutter.foundation\/wp-content\/uploads\/2019\/11\/emily-sarsfield-ambassador.png",1000,600,false],"maxslider_slide":["https:\/\/theelliesoutter.foundation\/wp-content\/uploads\/2019\/11\/emily-sarsfield-ambassador-750x450.png",750,450,true],"profile_24":["https:\/\/theelliesoutter.foundation\/wp-content\/uploads\/2019\/11\/emily-sarsfield-ambassador-24x24.png",24,24,true],"profile_48":["https:\/\/theelliesoutter.foundation\/wp-content\/uploads\/2019\/11\/emily-sarsfield-ambassador-48x48.png",48,48,true],"profile_96":["https:\/\/theelliesoutter.foundation\/wp-content\/uploads\/2019\/11\/emily-sarsfield-ambassador-96x96.png",96,96,true],"profile_150":["https:\/\/theelliesoutter.foundation\/wp-content\/uploads\/2019\/11\/emily-sarsfield-ambassador-150x150.png",150,150,true],"profile_300":["https:\/\/theelliesoutter.foundation\/wp-content\/uploads\/2019\/11\/emily-sarsfield-ambassador-300x300.png",300,300,true]},"uagb_author_info":{"display_name":"Amie Henderson","author_link":"https:\/\/theelliesoutter.foundation\/fr\/author\/amieorigami-media-com\/"},"uagb_comment_info":0,"uagb_excerpt":"We&#8217;re delighted that Emily has joined The Ellie Soutter Foundation as an ambassador. As a seasoned professional and an Olympic athlete, Emily can offer huge insight into the career of a professional winter sports athlete and she was close friends with Ellie. \u2018I was so honoured to become an ambassador [&hellip;]","jetpack_sharing_enabled":true,"ticketed":false,"_links":{"self":[{"href":"https:\/\/theelliesoutter.foundation\/fr\/wp-json\/wp\/v2\/pages\/773","targetHints":{"allow":["GET"]}}],"collection":[{"href":"https:\/\/theelliesoutter.foundation\/fr\/wp-json\/wp\/v2\/pages"}],"about":[{"href":"https:\/\/theelliesoutter.foundation\/fr\/wp-json\/wp\/v2\/types\/page"}],"author":[{"embeddable":true,"href":"https:\/\/theelliesoutter.foundation\/fr\/wp-json\/wp\/v2\/users\/1"}],"replies":[{"embeddable":true,"href":"https:\/\/theelliesoutter.foundation\/fr\/wp-json\/wp\/v2\/comments?post=773"}],"version-history":[{"count":0,"href":"https:\/\/theelliesoutter.foundation\/fr\/wp-json\/wp\/v2\/pages\/773\/revisions"}],"up":[{"embeddable":true,"href":"https:\/\/theelliesoutter.foundation\/fr\/wp-json\/wp\/v2\/pages\/1851"}],"wp:featuredmedia":[{"embeddable":true,"href":"https:\/\/theelliesoutter.foundation\/fr\/wp-json\/wp\/v2\/media\/836"}],"wp:attachment":[{"href":"https:\/\/theelliesoutter.foundation\/fr\/wp-json\/wp\/v2\/media?parent=773"}],"curies":[{"name":"wp","href":"https:\/\/api.w.org\/{rel}","templated":true}]}}