{"id":1306,"date":"2020-06-09T14:01:11","date_gmt":"2020-06-09T14:01:11","guid":{"rendered":"https:\/\/www.theelliesoutter.foundation\/?page_id=1306"},"modified":"2020-06-10T08:11:51","modified_gmt":"2020-06-10T08:11:51","slug":"mm-search","status":"publish","type":"page","link":"https:\/\/theelliesoutter.foundation\/fr\/our-partners\/mm-search\/","title":{"rendered":"MM Search"},"content":{"rendered":"<div data-elementor-type=\"wp-page\" data-elementor-id=\"1306\" class=\"elementor elementor-1306\">\n\t\t\t\t\t\t<section class=\"elementor-section elementor-top-section elementor-element elementor-element-24d1ee4 elementor-section-stretched elementor-section-boxed elementor-section-height-default elementor-section-height-default\" data-id=\"24d1ee4\" data-element_type=\"section\" data-e-type=\"section\" data-settings=\"{&quot;stretch_section&quot;:&quot;section-stretched&quot;,&quot;background_background&quot;:&quot;classic&quot;}\">\n\t\t\t\t\t\t<div class=\"elementor-container elementor-column-gap-default\">\n\t\t\t\t\t<div class=\"elementor-column elementor-col-100 elementor-top-column elementor-element elementor-element-faa1106\" data-id=\"faa1106\" data-element_type=\"column\" data-e-type=\"column\">\n\t\t\t<div class=\"elementor-widget-wrap elementor-element-populated\">\n\t\t\t\t\t\t<div class=\"elementor-element elementor-element-7df4f94 elementor-widget elementor-widget-spacer\" data-id=\"7df4f94\" data-element_type=\"widget\" data-e-type=\"widget\" data-widget_type=\"spacer.default\">\n\t\t\t\t<div class=\"elementor-widget-container\">\n\t\t\t\t\t\t\t<div class=\"elementor-spacer\">\n\t\t\t<div class=\"elementor-spacer-inner\"><\/div>\n\t\t<\/div>\n\t\t\t\t\t\t<\/div>\n\t\t\t\t<\/div>\n\t\t\t\t<div class=\"elementor-element elementor-element-5b97a9a elementor-widget elementor-widget-heading\" data-id=\"5b97a9a\" data-element_type=\"widget\" data-e-type=\"widget\" data-widget_type=\"heading.default\">\n\t\t\t\t<div class=\"elementor-widget-container\">\n\t\t\t\t\t<h4 class=\"elementor-heading-title elementor-size-default\">Partenaire<\/h4>\t\t\t\t<\/div>\n\t\t\t\t<\/div>\n\t\t\t\t<div class=\"elementor-element elementor-element-c10c8d4 elementor-widget elementor-widget-heading\" data-id=\"c10c8d4\" data-element_type=\"widget\" data-e-type=\"widget\" data-widget_type=\"heading.default\">\n\t\t\t\t<div class=\"elementor-widget-container\">\n\t\t\t\t\t<h2 class=\"elementor-heading-title elementor-size-default\">MM Search<\/h2>\t\t\t\t<\/div>\n\t\t\t\t<\/div>\n\t\t\t\t<div class=\"elementor-element elementor-element-a0e4b40 elementor-widget elementor-widget-heading\" data-id=\"a0e4b40\" data-element_type=\"widget\" data-e-type=\"widget\" data-widget_type=\"heading.default\">\n\t\t\t\t<div class=\"elementor-widget-container\">\n\t\t\t\t\t<h6 class=\"elementor-heading-title elementor-size-default\"><a href=\"https:\/\/theelliesoutter.foundation\/fr\/our-partners\/\">&lt;&lt; back to all partners<\/a><\/h6>\t\t\t\t<\/div>\n\t\t\t\t<\/div>\n\t\t\t\t<div class=\"elementor-element elementor-element-8dc63bb elementor-widget elementor-widget-spacer\" data-id=\"8dc63bb\" data-element_type=\"widget\" data-e-type=\"widget\" data-widget_type=\"spacer.default\">\n\t\t\t\t<div class=\"elementor-widget-container\">\n\t\t\t\t\t\t\t<div class=\"elementor-spacer\">\n\t\t\t<div class=\"elementor-spacer-inner\"><\/div>\n\t\t<\/div>\n\t\t\t\t\t\t<\/div>\n\t\t\t\t<\/div>\n\t\t\t\t\t<\/div>\n\t\t<\/div>\n\t\t\t\t\t<\/div>\n\t\t<\/section>\n\t\t\t\t<section class=\"elementor-section elementor-top-section elementor-element elementor-element-358e810 elementor-section-stretched elementor-section-boxed elementor-section-height-default elementor-section-height-default\" data-id=\"358e810\" data-element_type=\"section\" data-e-type=\"section\" data-settings=\"{&quot;stretch_section&quot;:&quot;section-stretched&quot;}\">\n\t\t\t\t\t\t<div class=\"elementor-container elementor-column-gap-default\">\n\t\t\t\t\t<div class=\"elementor-column elementor-col-33 elementor-top-column elementor-element elementor-element-2d8c1e9\" data-id=\"2d8c1e9\" data-element_type=\"column\" data-e-type=\"column\">\n\t\t\t<div class=\"elementor-widget-wrap elementor-element-populated\">\n\t\t\t\t\t\t<div class=\"elementor-element elementor-element-2cade7d elementor-widget elementor-widget-spacer\" data-id=\"2cade7d\" data-element_type=\"widget\" data-e-type=\"widget\" data-widget_type=\"spacer.default\">\n\t\t\t\t<div class=\"elementor-widget-container\">\n\t\t\t\t\t\t\t<div class=\"elementor-spacer\">\n\t\t\t<div class=\"elementor-spacer-inner\"><\/div>\n\t\t<\/div>\n\t\t\t\t\t\t<\/div>\n\t\t\t\t<\/div>\n\t\t\t\t<div class=\"elementor-element elementor-element-f93d81c elementor-widget elementor-widget-image\" data-id=\"f93d81c\" data-element_type=\"widget\" data-e-type=\"widget\" data-widget_type=\"image.default\">\n\t\t\t\t<div class=\"elementor-widget-container\">\n\t\t\t\t\t\t\t\t\t\t\t\t\t\t\t<img decoding=\"async\" width=\"225\" height=\"135\" src=\"https:\/\/theelliesoutter.foundation\/wp-content\/uploads\/2020\/06\/mm-search.gif\" class=\"attachment-profile_300 size-profile_300 wp-image-1266\" alt=\"\" \/>\t\t\t\t\t\t\t\t\t\t\t\t\t\t\t<\/div>\n\t\t\t\t<\/div>\n\t\t\t\t<div class=\"elementor-element elementor-element-8172ced elementor-shape-circle elementor-grid-0 e-grid-align-center elementor-widget elementor-widget-social-icons\" data-id=\"8172ced\" data-element_type=\"widget\" data-e-type=\"widget\" data-widget_type=\"social-icons.default\">\n\t\t\t\t<div class=\"elementor-widget-container\">\n\t\t\t\t\t\t\t<div class=\"elementor-social-icons-wrapper elementor-grid\" role=\"list\">\n\t\t\t\t\t\t\t<span class=\"elementor-grid-item\" role=\"listitem\">\n\t\t\t\t\t<a class=\"elementor-icon elementor-social-icon elementor-social-icon-link elementor-repeater-item-2e96a40\" href=\"http:\/\/www.mmsearch.co.uk\" target=\"_blank\">\n\t\t\t\t\t\t<span class=\"elementor-screen-only\">Link<\/span>\n\t\t\t\t\t\t<i aria-hidden=\"true\" class=\"fas fa-link\"><\/i>\t\t\t\t\t<\/a>\n\t\t\t\t<\/span>\n\t\t\t\t\t\t\t<span class=\"elementor-grid-item\" role=\"listitem\">\n\t\t\t\t\t<a class=\"elementor-icon elementor-social-icon elementor-social-icon-envelope elementor-repeater-item-6c89b77\" href=\"mailto:info@mmsearch.co.uk\" target=\"_blank\">\n\t\t\t\t\t\t<span class=\"elementor-screen-only\">Envelope<\/span>\n\t\t\t\t\t\t<i aria-hidden=\"true\" class=\"fas fa-envelope\"><\/i>\t\t\t\t\t<\/a>\n\t\t\t\t<\/span>\n\t\t\t\t\t<\/div>\n\t\t\t\t\t\t<\/div>\n\t\t\t\t<\/div>\n\t\t\t\t\t<\/div>\n\t\t<\/div>\n\t\t\t\t<div class=\"elementor-column elementor-col-66 elementor-top-column elementor-element elementor-element-a471f1d\" data-id=\"a471f1d\" data-element_type=\"column\" data-e-type=\"column\">\n\t\t\t<div class=\"elementor-widget-wrap elementor-element-populated\">\n\t\t\t\t\t\t<div class=\"elementor-element elementor-element-24918ad elementor-widget elementor-widget-spacer\" data-id=\"24918ad\" data-element_type=\"widget\" data-e-type=\"widget\" data-widget_type=\"spacer.default\">\n\t\t\t\t<div class=\"elementor-widget-container\">\n\t\t\t\t\t\t\t<div class=\"elementor-spacer\">\n\t\t\t<div class=\"elementor-spacer-inner\"><\/div>\n\t\t<\/div>\n\t\t\t\t\t\t<\/div>\n\t\t\t\t<\/div>\n\t\t\t\t<div class=\"elementor-element elementor-element-2383200 elementor-widget elementor-widget-heading\" data-id=\"2383200\" data-element_type=\"widget\" data-e-type=\"widget\" data-widget_type=\"heading.default\">\n\t\t\t\t<div class=\"elementor-widget-container\">\n\t\t\t\t\t<h3 class=\"elementor-heading-title elementor-size-default\">Qui sommes-nous ?<\/h3>\t\t\t\t<\/div>\n\t\t\t\t<\/div>\n\t\t\t\t<div class=\"elementor-element elementor-element-dba96e1 elementor-widget elementor-widget-text-editor\" data-id=\"dba96e1\" data-element_type=\"widget\" data-e-type=\"widget\" data-widget_type=\"text-editor.default\">\n\t\t\t\t<div class=\"elementor-widget-container\">\n\t\t\t\t\t\t\t\t\t<p>Nous sommes l'agence \u00e9cossaise de recrutement de cadres \u00e0 la plus forte croissance, sp\u00e9cialis\u00e9e dans le recrutement de cadres sup\u00e9rieurs et membres de conseil d'administration. Nous nous concentrons sur la recherche de postes cl\u00e9s de pr\u00e9sident(e) et de directeur\/directrice non ex\u00e9cutif gr\u00e2ce \u00e0 notre Non-Executive Director Academy. Nous op\u00e9rons dans tout le Royaume-Uni et \u00e0 l'international en utilisant la technologie num\u00e9rique pour r\u00e9duire les distances.<\/p>\t\t\t\t\t\t\t\t<\/div>\n\t\t\t\t<\/div>\n\t\t\t\t<div class=\"elementor-element elementor-element-f344b18 elementor-widget elementor-widget-heading\" data-id=\"f344b18\" data-element_type=\"widget\" data-e-type=\"widget\" data-widget_type=\"heading.default\">\n\t\t\t\t<div class=\"elementor-widget-container\">\n\t\t\t\t\t<h3 class=\"elementor-heading-title elementor-size-default\">Nous soutenons la Fondation Ellie Soutter parce que\u2026<\/h3>\t\t\t\t<\/div>\n\t\t\t\t<\/div>\n\t\t\t\t<div class=\"elementor-element elementor-element-e469a05 elementor-widget elementor-widget-text-editor\" data-id=\"e469a05\" data-element_type=\"widget\" data-e-type=\"widget\" data-widget_type=\"text-editor.default\">\n\t\t\t\t<div class=\"elementor-widget-container\">\n\t\t\t\t\t\t\t\t\t<p>Nous avons choisi la Fondation Ellie Soutter comme partenaire caritatif, car nous partageons la m\u00eame passion pour les sports d'hiver et le soutien aux jeunes athl\u00e8tes. Il y a de nombreux traits de caract\u00e8re qui motivent \u00e0 la fois les sportifs et les entrepreneurs d'\u00e9lite : l'attitude, la confiance, l'investissement personnel et la vision \u00e0 long terme.<\/p><p>La fondation rev\u00eat un caract\u00e8re particuli\u00e8rement poignant pour l'un de nos partenaires, Derek MacFeate, qui a eu la chance de bien conna\u00eetre Ellie dont le p\u00e8re, Tony Soutter, est un cousin de son \u00e9pouse. Ellie \u00e9tait quelqu'un de tellement unique que nous nous r\u00e9jouissons de continuer \u00e0 apporter notre soutien par n'importe quel moyen pour aider \u00e0 l'\u00e9panouissement des jeunes adultes.<\/p>\t\t\t\t\t\t\t\t<\/div>\n\t\t\t\t<\/div>\n\t\t\t\t<div class=\"elementor-element elementor-element-beffb55 elementor-widget elementor-widget-spacer\" data-id=\"beffb55\" data-element_type=\"widget\" data-e-type=\"widget\" data-widget_type=\"spacer.default\">\n\t\t\t\t<div class=\"elementor-widget-container\">\n\t\t\t\t\t\t\t<div class=\"elementor-spacer\">\n\t\t\t<div class=\"elementor-spacer-inner\"><\/div>\n\t\t<\/div>\n\t\t\t\t\t\t<\/div>\n\t\t\t\t<\/div>\n\t\t\t\t\t<\/div>\n\t\t<\/div>\n\t\t\t\t\t<\/div>\n\t\t<\/section>\n\t\t\t\t<section class=\"elementor-section elementor-top-section elementor-element elementor-element-a8c7b7f elementor-section-stretched elementor-section-boxed elementor-section-height-default elementor-section-height-default\" data-id=\"a8c7b7f\" data-element_type=\"section\" data-e-type=\"section\" data-settings=\"{&quot;stretch_section&quot;:&quot;section-stretched&quot;,&quot;background_background&quot;:&quot;classic&quot;}\">\n\t\t\t\t\t\t\t<div class=\"elementor-background-overlay\"><\/div>\n\t\t\t\t\t\t\t<div class=\"elementor-container elementor-column-gap-default\">\n\t\t\t\t\t<div class=\"elementor-column elementor-col-100 elementor-top-column elementor-element elementor-element-b5603e0\" data-id=\"b5603e0\" data-element_type=\"column\" data-e-type=\"column\">\n\t\t\t<div class=\"elementor-widget-wrap elementor-element-populated\">\n\t\t\t\t\t\t<div class=\"elementor-element elementor-element-0e0d560 elementor-widget elementor-widget-spacer\" data-id=\"0e0d560\" data-element_type=\"widget\" data-e-type=\"widget\" data-widget_type=\"spacer.default\">\n\t\t\t\t<div class=\"elementor-widget-container\">\n\t\t\t\t\t\t\t<div class=\"elementor-spacer\">\n\t\t\t<div class=\"elementor-spacer-inner\"><\/div>\n\t\t<\/div>\n\t\t\t\t\t\t<\/div>\n\t\t\t\t<\/div>\n\t\t\t\t<div class=\"elementor-element elementor-element-59201a1 elementor-widget elementor-widget-heading\" data-id=\"59201a1\" data-element_type=\"widget\" data-e-type=\"widget\" data-widget_type=\"heading.default\">\n\t\t\t\t<div class=\"elementor-widget-container\">\n\t\t\t\t\t<h3 class=\"elementor-heading-title elementor-size-default\">Nous avons besoin de votre aide<\/h3>\t\t\t\t<\/div>\n\t\t\t\t<\/div>\n\t\t\t\t<div class=\"elementor-element elementor-element-79a0222 elementor-widget elementor-widget-text-editor\" data-id=\"79a0222\" data-element_type=\"widget\" data-e-type=\"widget\" data-widget_type=\"text-editor.default\">\n\t\t\t\t<div class=\"elementor-widget-container\">\n\t\t\t\t\t\t\t\t\t<p style=\"text-align: center;\">Que ce soit sous la forme d'un don ou d'un partenariat d'entreprise. Vous pouvez nous soutenir en faisant un don \u00e0 la Fondation Ellie Soutter.<\/p>\t\t\t\t\t\t\t\t<\/div>\n\t\t\t\t<\/div>\n\t\t\t\t<div class=\"elementor-element elementor-element-146754d elementor-align-center elementor-widget elementor-widget-button\" data-id=\"146754d\" data-element_type=\"widget\" data-e-type=\"widget\" data-widget_type=\"button.default\">\n\t\t\t\t<div class=\"elementor-widget-container\">\n\t\t\t\t\t\t\t\t\t<div class=\"elementor-button-wrapper\">\n\t\t\t\t\t<a class=\"elementor-button elementor-button-link elementor-size-lg\" href=\"https:\/\/theelliesoutter.foundation\/fr\/donate\/\">\n\t\t\t\t\t\t<span class=\"elementor-button-content-wrapper\">\n\t\t\t\t\t\t\t\t\t<span class=\"elementor-button-text\">Faire un don maintenant<\/span>\n\t\t\t\t\t<\/span>\n\t\t\t\t\t<\/a>\n\t\t\t\t<\/div>\n\t\t\t\t\t\t\t\t<\/div>\n\t\t\t\t<\/div>\n\t\t\t\t<div class=\"elementor-element elementor-element-6ad5810 elementor-widget elementor-widget-spacer\" data-id=\"6ad5810\" data-element_type=\"widget\" data-e-type=\"widget\" data-widget_type=\"spacer.default\">\n\t\t\t\t<div class=\"elementor-widget-container\">\n\t\t\t\t\t\t\t<div class=\"elementor-spacer\">\n\t\t\t<div class=\"elementor-spacer-inner\"><\/div>\n\t\t<\/div>\n\t\t\t\t\t\t<\/div>\n\t\t\t\t<\/div>\n\t\t\t\t\t<\/div>\n\t\t<\/div>\n\t\t\t\t\t<\/div>\n\t\t<\/section>\n\t\t\t\t<\/div>","protected":false},"excerpt":{"rendered":"<p>Partner MM Search<\/p>","protected":false},"author":8,"featured_media":0,"parent":1143,"menu_order":0,"comment_status":"closed","ping_status":"closed","template":"templates\/builder.php","meta":{"_uag_custom_page_level_css":"","_price":"","_stock":"","_tribe_ticket_header":"","_tribe_default_ticket_provider":"","_tribe_ticket_capacity":"0","_ticket_start_date":"","_ticket_end_date":"","_tribe_ticket_show_description":"","_tribe_ticket_show_not_going":false,"_tribe_ticket_use_global_stock":"","_tribe_ticket_global_stock_level":"","_global_stock_mode":"","_global_stock_cap":"","_tribe_rsvp_for_event":"","_tribe_ticket_going_count":"","_tribe_ticket_not_going_count":"","_tribe_tickets_list":"[]","_tribe_ticket_has_attendee_info_fields":false,"footnotes":"","_tec_slr_enabled":"","_tec_slr_layout":""},"class_list":["post-1306","page","type-page","status-publish","hentry"],"uagb_featured_image_src":{"full":false,"thumbnail":false,"medium":false,"medium_large":false,"large":false,"1536x1536":false,"2048x2048":false,"trp-custom-language-flag":false,"spencer_plugin_featgal_small_thumb":false,"post-thumbnail":false,"spencer_item":false,"spencer_item_tall":false,"spencer_fullwidth":false,"spencer_hero":false,"spencer_slide":false,"maxslider_slide":false,"profile_24":false,"profile_48":false,"profile_96":false,"profile_150":false,"profile_300":false},"uagb_author_info":{"display_name":"Michael Henderson","author_link":"https:\/\/theelliesoutter.foundation\/fr\/author\/michael-henderson\/"},"uagb_comment_info":0,"uagb_excerpt":"Partner MM Search","jetpack_sharing_enabled":true,"ticketed":false,"_links":{"self":[{"href":"https:\/\/theelliesoutter.foundation\/fr\/wp-json\/wp\/v2\/pages\/1306","targetHints":{"allow":["GET"]}}],"collection":[{"href":"https:\/\/theelliesoutter.foundation\/fr\/wp-json\/wp\/v2\/pages"}],"about":[{"href":"https:\/\/theelliesoutter.foundation\/fr\/wp-json\/wp\/v2\/types\/page"}],"author":[{"embeddable":true,"href":"https:\/\/theelliesoutter.foundation\/fr\/wp-json\/wp\/v2\/users\/8"}],"replies":[{"embeddable":true,"href":"https:\/\/theelliesoutter.foundation\/fr\/wp-json\/wp\/v2\/comments?post=1306"}],"version-history":[{"count":0,"href":"https:\/\/theelliesoutter.foundation\/fr\/wp-json\/wp\/v2\/pages\/1306\/revisions"}],"up":[{"embeddable":true,"href":"https:\/\/theelliesoutter.foundation\/fr\/wp-json\/wp\/v2\/pages\/1143"}],"wp:attachment":[{"href":"https:\/\/theelliesoutter.foundation\/fr\/wp-json\/wp\/v2\/media?parent=1306"}],"curies":[{"name":"wp","href":"https:\/\/api.w.org\/{rel}","templated":true}]}}