{"id":1192,"date":"2020-06-08T10:08:33","date_gmt":"2020-06-08T10:08:33","guid":{"rendered":"https:\/\/www.theelliesoutter.foundation\/?page_id=1192"},"modified":"2021-09-09T09:11:14","modified_gmt":"2021-09-09T09:11:14","slug":"louise-beasley","status":"publish","type":"page","link":"https:\/\/theelliesoutter.foundation\/fr\/committee\/louise-beasley\/","title":{"rendered":"Louise Beasley"},"content":{"rendered":"<div data-elementor-type=\"wp-page\" data-elementor-id=\"1192\" class=\"elementor elementor-1192\">\n\t\t\t\t\t\t<section class=\"elementor-section elementor-top-section elementor-element elementor-element-4347b44 elementor-section-stretched elementor-section-boxed elementor-section-height-default elementor-section-height-default\" data-id=\"4347b44\" data-element_type=\"section\" data-e-type=\"section\" data-settings=\"{&quot;stretch_section&quot;:&quot;section-stretched&quot;,&quot;background_background&quot;:&quot;classic&quot;}\">\n\t\t\t\t\t\t<div class=\"elementor-container elementor-column-gap-default\">\n\t\t\t\t\t<div class=\"elementor-column elementor-col-100 elementor-top-column elementor-element elementor-element-ca0085b\" data-id=\"ca0085b\" data-element_type=\"column\" data-e-type=\"column\">\n\t\t\t<div class=\"elementor-widget-wrap elementor-element-populated\">\n\t\t\t\t\t\t<div class=\"elementor-element elementor-element-1bc3901 elementor-widget elementor-widget-spacer\" data-id=\"1bc3901\" data-element_type=\"widget\" data-e-type=\"widget\" data-widget_type=\"spacer.default\">\n\t\t\t\t<div class=\"elementor-widget-container\">\n\t\t\t\t\t\t\t<div class=\"elementor-spacer\">\n\t\t\t<div class=\"elementor-spacer-inner\"><\/div>\n\t\t<\/div>\n\t\t\t\t\t\t<\/div>\n\t\t\t\t<\/div>\n\t\t\t\t<div class=\"elementor-element elementor-element-f84d0b2 elementor-widget elementor-widget-heading\" data-id=\"f84d0b2\" data-element_type=\"widget\" data-e-type=\"widget\" data-widget_type=\"heading.default\">\n\t\t\t\t<div class=\"elementor-widget-container\">\n\t\t\t\t\t<h4 class=\"elementor-heading-title elementor-size-default\">membre du comit\u00e9<\/h4>\t\t\t\t<\/div>\n\t\t\t\t<\/div>\n\t\t\t\t<div class=\"elementor-element elementor-element-e3bc44a elementor-widget elementor-widget-heading\" data-id=\"e3bc44a\" data-element_type=\"widget\" data-e-type=\"widget\" data-widget_type=\"heading.default\">\n\t\t\t\t<div class=\"elementor-widget-container\">\n\t\t\t\t\t<h2 class=\"elementor-heading-title elementor-size-default\">Louise Beasley<\/h2>\t\t\t\t<\/div>\n\t\t\t\t<\/div>\n\t\t\t\t<div class=\"elementor-element elementor-element-8f689af elementor-widget elementor-widget-heading\" data-id=\"8f689af\" data-element_type=\"widget\" data-e-type=\"widget\" data-widget_type=\"heading.default\">\n\t\t\t\t<div class=\"elementor-widget-container\">\n\t\t\t\t\t<h6 class=\"elementor-heading-title elementor-size-default\"><a href=\"https:\/\/theelliesoutter.foundation\/fr\/committee\/\">&lt;&lt; retour au comit\u00e9<\/a><\/h6>\t\t\t\t<\/div>\n\t\t\t\t<\/div>\n\t\t\t\t<div class=\"elementor-element elementor-element-328280e elementor-widget elementor-widget-spacer\" data-id=\"328280e\" data-element_type=\"widget\" data-e-type=\"widget\" data-widget_type=\"spacer.default\">\n\t\t\t\t<div class=\"elementor-widget-container\">\n\t\t\t\t\t\t\t<div class=\"elementor-spacer\">\n\t\t\t<div class=\"elementor-spacer-inner\"><\/div>\n\t\t<\/div>\n\t\t\t\t\t\t<\/div>\n\t\t\t\t<\/div>\n\t\t\t\t\t<\/div>\n\t\t<\/div>\n\t\t\t\t\t<\/div>\n\t\t<\/section>\n\t\t\t\t<section class=\"elementor-section elementor-top-section elementor-element elementor-element-358e810 elementor-section-stretched elementor-section-boxed elementor-section-height-default elementor-section-height-default\" data-id=\"358e810\" data-element_type=\"section\" data-e-type=\"section\" data-settings=\"{&quot;stretch_section&quot;:&quot;section-stretched&quot;}\">\n\t\t\t\t\t\t<div class=\"elementor-container elementor-column-gap-default\">\n\t\t\t\t\t<div class=\"elementor-column elementor-col-33 elementor-top-column elementor-element elementor-element-2d8c1e9\" data-id=\"2d8c1e9\" data-element_type=\"column\" data-e-type=\"column\">\n\t\t\t<div class=\"elementor-widget-wrap elementor-element-populated\">\n\t\t\t\t\t\t<div class=\"elementor-element elementor-element-24c2f40 elementor-widget elementor-widget-spacer\" data-id=\"24c2f40\" data-element_type=\"widget\" data-e-type=\"widget\" data-widget_type=\"spacer.default\">\n\t\t\t\t<div class=\"elementor-widget-container\">\n\t\t\t\t\t\t\t<div class=\"elementor-spacer\">\n\t\t\t<div class=\"elementor-spacer-inner\"><\/div>\n\t\t<\/div>\n\t\t\t\t\t\t<\/div>\n\t\t\t\t<\/div>\n\t\t\t\t<div class=\"elementor-element elementor-element-f93d81c elementor-widget elementor-widget-image\" data-id=\"f93d81c\" data-element_type=\"widget\" data-e-type=\"widget\" data-widget_type=\"image.default\">\n\t\t\t\t<div class=\"elementor-widget-container\">\n\t\t\t\t\t\t\t\t\t\t\t\t\t\t\t<img fetchpriority=\"high\" decoding=\"async\" width=\"300\" height=\"300\" src=\"https:\/\/theelliesoutter.foundation\/wp-content\/uploads\/2020\/06\/Lou-Beasley-300x300.jpg\" class=\"attachment-profile_300 size-profile_300 wp-image-1136\" alt=\"\" srcset=\"https:\/\/theelliesoutter.foundation\/wp-content\/uploads\/2020\/06\/Lou-Beasley-300x300.jpg 300w, https:\/\/theelliesoutter.foundation\/wp-content\/uploads\/2020\/06\/Lou-Beasley-150x150.jpg 150w, https:\/\/theelliesoutter.foundation\/wp-content\/uploads\/2020\/06\/Lou-Beasley-100x100.jpg 100w, https:\/\/theelliesoutter.foundation\/wp-content\/uploads\/2020\/06\/Lou-Beasley-555x555.jpg 555w, https:\/\/theelliesoutter.foundation\/wp-content\/uploads\/2020\/06\/Lou-Beasley-50x50.jpg 50w, https:\/\/theelliesoutter.foundation\/wp-content\/uploads\/2020\/06\/Lou-Beasley-500x500.jpg 500w, https:\/\/theelliesoutter.foundation\/wp-content\/uploads\/2020\/06\/Lou-Beasley-24x24.jpg 24w, https:\/\/theelliesoutter.foundation\/wp-content\/uploads\/2020\/06\/Lou-Beasley-48x48.jpg 48w, https:\/\/theelliesoutter.foundation\/wp-content\/uploads\/2020\/06\/Lou-Beasley-96x96.jpg 96w, https:\/\/theelliesoutter.foundation\/wp-content\/uploads\/2020\/06\/Lou-Beasley.jpg 720w\" sizes=\"(max-width: 300px) 100vw, 300px\" \/>\t\t\t\t\t\t\t\t\t\t\t\t\t\t\t<\/div>\n\t\t\t\t<\/div>\n\t\t\t\t<div class=\"elementor-element elementor-element-8172ced elementor-shape-circle elementor-grid-0 e-grid-align-center elementor-widget elementor-widget-social-icons\" data-id=\"8172ced\" data-element_type=\"widget\" data-e-type=\"widget\" data-widget_type=\"social-icons.default\">\n\t\t\t\t<div class=\"elementor-widget-container\">\n\t\t\t\t\t\t\t<div class=\"elementor-social-icons-wrapper elementor-grid\" role=\"list\">\n\t\t\t\t\t\t\t<span class=\"elementor-grid-item\" role=\"listitem\">\n\t\t\t\t\t<a class=\"elementor-icon elementor-social-icon elementor-social-icon-facebook elementor-repeater-item-2e96a40\" target=\"_blank\">\n\t\t\t\t\t\t<span class=\"elementor-screen-only\">Facebook<\/span>\n\t\t\t\t\t\t<i aria-hidden=\"true\" class=\"fab fa-facebook\"><\/i>\t\t\t\t\t<\/a>\n\t\t\t\t<\/span>\n\t\t\t\t\t\t\t<span class=\"elementor-grid-item\" role=\"listitem\">\n\t\t\t\t\t<a class=\"elementor-icon elementor-social-icon elementor-social-icon-twitter elementor-repeater-item-94d8068\" target=\"_blank\">\n\t\t\t\t\t\t<span class=\"elementor-screen-only\">Twitter<\/span>\n\t\t\t\t\t\t<i aria-hidden=\"true\" class=\"fab fa-twitter\"><\/i>\t\t\t\t\t<\/a>\n\t\t\t\t<\/span>\n\t\t\t\t\t\t\t<span class=\"elementor-grid-item\" role=\"listitem\">\n\t\t\t\t\t<a class=\"elementor-icon elementor-social-icon elementor-social-icon-envelope elementor-repeater-item-6c89b77\" href=\"mailto:contact@theelliesoutter.foundation\" target=\"_blank\">\n\t\t\t\t\t\t<span class=\"elementor-screen-only\">Envelope<\/span>\n\t\t\t\t\t\t<i aria-hidden=\"true\" class=\"fas fa-envelope\"><\/i>\t\t\t\t\t<\/a>\n\t\t\t\t<\/span>\n\t\t\t\t\t<\/div>\n\t\t\t\t\t\t<\/div>\n\t\t\t\t<\/div>\n\t\t\t\t\t<\/div>\n\t\t<\/div>\n\t\t\t\t<div class=\"elementor-column elementor-col-66 elementor-top-column elementor-element elementor-element-a471f1d\" data-id=\"a471f1d\" data-element_type=\"column\" data-e-type=\"column\">\n\t\t\t<div class=\"elementor-widget-wrap elementor-element-populated\">\n\t\t\t\t\t\t<div class=\"elementor-element elementor-element-e43fc89 elementor-widget elementor-widget-spacer\" data-id=\"e43fc89\" data-element_type=\"widget\" data-e-type=\"widget\" data-widget_type=\"spacer.default\">\n\t\t\t\t<div class=\"elementor-widget-container\">\n\t\t\t\t\t\t\t<div class=\"elementor-spacer\">\n\t\t\t<div class=\"elementor-spacer-inner\"><\/div>\n\t\t<\/div>\n\t\t\t\t\t\t<\/div>\n\t\t\t\t<\/div>\n\t\t\t\t<div class=\"elementor-element elementor-element-dba96e1 elementor-widget elementor-widget-text-editor\" data-id=\"dba96e1\" data-element_type=\"widget\" data-e-type=\"widget\" data-widget_type=\"text-editor.default\">\n\t\t\t\t<div class=\"elementor-widget-container\">\n\t\t\t\t\t\t\t\t\t<h3>J'habite dans un petit village au bord de la Tamise, situ\u00e9 pr\u00e8s de la ville pittoresque d'Henley-on-Thames. Auparavant, j'\u00e9tais professeure d'\u00e9tudes commerciales et directrice<sup>th<\/sup> Form at a large local senior school; after which I chose to pursue my creative side, combining with my business knowledge and became a director of a marketing agency.<\/h3><p>J'ai pass\u00e9 beaucoup de vacances de ski aux Gets avec mon mari Richard et mon fils Isaac, profitant de tout ce que les Portes du Soleil ont \u00e0 offrir. Nous aimons tellement ce village que nous avons d\u00e9cid\u00e9, il y a 8 ans, d'en faire notre r\u00e9sidence secondaire.<\/p><p>Je passe de plus en plus de temps aux Gets, en \u00e9t\u00e9 comme en hiver. Je profite des montagnes magnifiques et de toutes les activit\u00e9s offertes.<\/p><p>Par exemple, j'aime faire des randonn\u00e9es en raquettes avec mes deux labradors sur le Mont Ch\u00e9ry. C'est formidable aussi d'apprendre \u00e0 conna\u00eetre la fantastique communaut\u00e9 des Gets. C'est gr\u00e2ce \u00e0 cette communaut\u00e9 que j'ai rencontr\u00e9 Tony et sa fille Ellie et nous sommes devenus tr\u00e8s proches. J'\u00e9tais l\u00e0 pour Tony apr\u00e8s le d\u00e9c\u00e8s tragique d'Ellie et durant les hauts et les bas des deux derni\u00e8res ann\u00e9es.<\/p><p>J'\u00e9tais vraiment contente que l'on me demande de faire partie du comit\u00e9 de la Fondation Ellie Soutter, parce que je sais que je peux apporter pas mal de perspectives diff\u00e9rentes lors des r\u00e9unions. Cela vient du fait que je peux combiner mon c\u00f4t\u00e9  cr\u00e9atif avec mon exp\u00e9rience aupr\u00e8s des adolescents que j'aidais \u00e0 surmonter leurs \u00e9preuves personnelles.\u00a0\u00a0<\/p>\t\t\t\t\t\t\t\t<\/div>\n\t\t\t\t<\/div>\n\t\t\t\t\t<\/div>\n\t\t<\/div>\n\t\t\t\t\t<\/div>\n\t\t<\/section>\n\t\t\t\t<section class=\"elementor-section elementor-top-section elementor-element elementor-element-f9e4e8b elementor-section-boxed elementor-section-height-default elementor-section-height-default\" data-id=\"f9e4e8b\" data-element_type=\"section\" data-e-type=\"section\">\n\t\t\t\t\t\t<div class=\"elementor-container elementor-column-gap-default\">\n\t\t\t\t\t<div class=\"elementor-column elementor-col-100 elementor-top-column elementor-element elementor-element-e08aee2\" data-id=\"e08aee2\" data-element_type=\"column\" data-e-type=\"column\">\n\t\t\t<div class=\"elementor-widget-wrap elementor-element-populated\">\n\t\t\t\t\t\t<div class=\"elementor-element elementor-element-0c9c353 elementor-widget elementor-widget-spacer\" data-id=\"0c9c353\" data-element_type=\"widget\" data-e-type=\"widget\" data-widget_type=\"spacer.default\">\n\t\t\t\t<div class=\"elementor-widget-container\">\n\t\t\t\t\t\t\t<div class=\"elementor-spacer\">\n\t\t\t<div class=\"elementor-spacer-inner\"><\/div>\n\t\t<\/div>\n\t\t\t\t\t\t<\/div>\n\t\t\t\t<\/div>\n\t\t\t\t\t<\/div>\n\t\t<\/div>\n\t\t\t\t\t<\/div>\n\t\t<\/section>\n\t\t\t\t<section class=\"elementor-section elementor-top-section elementor-element elementor-element-5b66e40 elementor-section-stretched elementor-section-boxed elementor-section-height-default elementor-section-height-default\" data-id=\"5b66e40\" data-element_type=\"section\" data-e-type=\"section\" data-settings=\"{&quot;stretch_section&quot;:&quot;section-stretched&quot;,&quot;background_background&quot;:&quot;classic&quot;}\">\n\t\t\t\t\t\t\t<div class=\"elementor-background-overlay\"><\/div>\n\t\t\t\t\t\t\t<div class=\"elementor-container elementor-column-gap-default\">\n\t\t\t\t\t<div class=\"elementor-column elementor-col-100 elementor-top-column elementor-element elementor-element-d49ad25\" data-id=\"d49ad25\" data-element_type=\"column\" data-e-type=\"column\">\n\t\t\t<div class=\"elementor-widget-wrap elementor-element-populated\">\n\t\t\t\t\t\t<div class=\"elementor-element elementor-element-7897f39 elementor-widget elementor-widget-spacer\" data-id=\"7897f39\" data-element_type=\"widget\" data-e-type=\"widget\" data-widget_type=\"spacer.default\">\n\t\t\t\t<div class=\"elementor-widget-container\">\n\t\t\t\t\t\t\t<div class=\"elementor-spacer\">\n\t\t\t<div class=\"elementor-spacer-inner\"><\/div>\n\t\t<\/div>\n\t\t\t\t\t\t<\/div>\n\t\t\t\t<\/div>\n\t\t\t\t<div class=\"elementor-element elementor-element-55c5df3 elementor-widget elementor-widget-heading\" data-id=\"55c5df3\" data-element_type=\"widget\" data-e-type=\"widget\" data-widget_type=\"heading.default\">\n\t\t\t\t<div class=\"elementor-widget-container\">\n\t\t\t\t\t<h3 class=\"elementor-heading-title elementor-size-default\">Nous avons besoin de votre aide<\/h3>\t\t\t\t<\/div>\n\t\t\t\t<\/div>\n\t\t\t\t<div class=\"elementor-element elementor-element-2a3ad44 elementor-widget elementor-widget-text-editor\" data-id=\"2a3ad44\" data-element_type=\"widget\" data-e-type=\"widget\" data-widget_type=\"text-editor.default\">\n\t\t\t\t<div class=\"elementor-widget-container\">\n\t\t\t\t\t\t\t\t\t<p style=\"text-align: center;\">Que ce soit sous la forme d'un don ou d'un partenariat d'entreprise. Vous pouvez nous soutenir en faisant un don \u00e0 la Fondation Ellie Soutter.<\/p>\t\t\t\t\t\t\t\t<\/div>\n\t\t\t\t<\/div>\n\t\t\t\t<div class=\"elementor-element elementor-element-2c5f019 elementor-align-center elementor-widget elementor-widget-button\" data-id=\"2c5f019\" data-element_type=\"widget\" data-e-type=\"widget\" data-widget_type=\"button.default\">\n\t\t\t\t<div class=\"elementor-widget-container\">\n\t\t\t\t\t\t\t\t\t<div class=\"elementor-button-wrapper\">\n\t\t\t\t\t<a class=\"elementor-button elementor-button-link elementor-size-lg\" href=\"https:\/\/theelliesoutter.foundation\/fr\/donate\/\">\n\t\t\t\t\t\t<span class=\"elementor-button-content-wrapper\">\n\t\t\t\t\t\t\t\t\t<span class=\"elementor-button-text\">Faire un don maintenant<\/span>\n\t\t\t\t\t<\/span>\n\t\t\t\t\t<\/a>\n\t\t\t\t<\/div>\n\t\t\t\t\t\t\t\t<\/div>\n\t\t\t\t<\/div>\n\t\t\t\t<div class=\"elementor-element elementor-element-e78a0f7 elementor-widget elementor-widget-spacer\" data-id=\"e78a0f7\" data-element_type=\"widget\" data-e-type=\"widget\" data-widget_type=\"spacer.default\">\n\t\t\t\t<div class=\"elementor-widget-container\">\n\t\t\t\t\t\t\t<div class=\"elementor-spacer\">\n\t\t\t<div class=\"elementor-spacer-inner\"><\/div>\n\t\t<\/div>\n\t\t\t\t\t\t<\/div>\n\t\t\t\t<\/div>\n\t\t\t\t\t<\/div>\n\t\t<\/div>\n\t\t\t\t\t<\/div>\n\t\t<\/section>\n\t\t\t\t<\/div>","protected":false},"excerpt":{"rendered":"<p>committee member Louise Beasley &lt;&lt; back to committee Facebook Twitter Envelope I live in a small Thameside village, close to the picturesque town of Henley Upon Thames. Formally, I was a Business Studies Teacher and Head of 6th Form at a large local senior school; after which I chose to [&hellip;]<\/p>\n","protected":false},"author":8,"featured_media":0,"parent":851,"menu_order":0,"comment_status":"closed","ping_status":"closed","template":"templates\/builder.php","meta":{"_uag_custom_page_level_css":"","_price":"","_stock":"","_tribe_ticket_header":"","_tribe_default_ticket_provider":"","_tribe_ticket_capacity":"0","_ticket_start_date":"","_ticket_end_date":"","_tribe_ticket_show_description":"","_tribe_ticket_show_not_going":false,"_tribe_ticket_use_global_stock":"","_tribe_ticket_global_stock_level":"","_global_stock_mode":"","_global_stock_cap":"","_tribe_rsvp_for_event":"","_tribe_ticket_going_count":"","_tribe_ticket_not_going_count":"","_tribe_tickets_list":"[]","_tribe_ticket_has_attendee_info_fields":false,"footnotes":"","_tec_slr_enabled":"","_tec_slr_layout":""},"class_list":["post-1192","page","type-page","status-publish","hentry"],"uagb_featured_image_src":{"full":false,"thumbnail":false,"medium":false,"medium_large":false,"large":false,"1536x1536":false,"2048x2048":false,"trp-custom-language-flag":false,"spencer_plugin_featgal_small_thumb":false,"post-thumbnail":false,"spencer_item":false,"spencer_item_tall":false,"spencer_fullwidth":false,"spencer_hero":false,"spencer_slide":false,"maxslider_slide":false,"profile_24":false,"profile_48":false,"profile_96":false,"profile_150":false,"profile_300":false},"uagb_author_info":{"display_name":"Michael Henderson","author_link":"https:\/\/theelliesoutter.foundation\/fr\/author\/michael-henderson\/"},"uagb_comment_info":0,"uagb_excerpt":"committee member Louise Beasley &lt;&lt; back to committee Facebook Twitter Envelope I live in a small Thameside village, close to the picturesque town of Henley Upon Thames. Formally, I was a Business Studies Teacher and Head of 6th Form at a large local senior school; after which I chose to [&hellip;]","jetpack_sharing_enabled":true,"ticketed":false,"_links":{"self":[{"href":"https:\/\/theelliesoutter.foundation\/fr\/wp-json\/wp\/v2\/pages\/1192","targetHints":{"allow":["GET"]}}],"collection":[{"href":"https:\/\/theelliesoutter.foundation\/fr\/wp-json\/wp\/v2\/pages"}],"about":[{"href":"https:\/\/theelliesoutter.foundation\/fr\/wp-json\/wp\/v2\/types\/page"}],"author":[{"embeddable":true,"href":"https:\/\/theelliesoutter.foundation\/fr\/wp-json\/wp\/v2\/users\/8"}],"replies":[{"embeddable":true,"href":"https:\/\/theelliesoutter.foundation\/fr\/wp-json\/wp\/v2\/comments?post=1192"}],"version-history":[{"count":0,"href":"https:\/\/theelliesoutter.foundation\/fr\/wp-json\/wp\/v2\/pages\/1192\/revisions"}],"up":[{"embeddable":true,"href":"https:\/\/theelliesoutter.foundation\/fr\/wp-json\/wp\/v2\/pages\/851"}],"wp:attachment":[{"href":"https:\/\/theelliesoutter.foundation\/fr\/wp-json\/wp\/v2\/media?parent=1192"}],"curies":[{"name":"wp","href":"https:\/\/api.w.org\/{rel}","templated":true}]}}