{"id":1183,"date":"2020-06-08T10:03:36","date_gmt":"2020-06-08T10:03:36","guid":{"rendered":"https:\/\/www.theelliesoutter.foundation\/?page_id=1183"},"modified":"2020-06-11T08:48:50","modified_gmt":"2020-06-11T08:48:50","slug":"diane-leach-2","status":"publish","type":"page","link":"https:\/\/theelliesoutter.foundation\/fr\/committee\/diane-leach-2\/","title":{"rendered":"Dianne Leach"},"content":{"rendered":"<div data-elementor-type=\"wp-page\" data-elementor-id=\"1183\" class=\"elementor elementor-1183\">\n\t\t\t\t\t\t<section class=\"elementor-section elementor-top-section elementor-element elementor-element-87e01e7 elementor-section-stretched elementor-section-boxed elementor-section-height-default elementor-section-height-default\" data-id=\"87e01e7\" data-element_type=\"section\" data-e-type=\"section\" data-settings=\"{&quot;stretch_section&quot;:&quot;section-stretched&quot;,&quot;background_background&quot;:&quot;classic&quot;}\">\n\t\t\t\t\t\t<div class=\"elementor-container elementor-column-gap-default\">\n\t\t\t\t\t<div class=\"elementor-column elementor-col-100 elementor-top-column elementor-element elementor-element-b4f1042\" data-id=\"b4f1042\" data-element_type=\"column\" data-e-type=\"column\">\n\t\t\t<div class=\"elementor-widget-wrap elementor-element-populated\">\n\t\t\t\t\t\t<div class=\"elementor-element elementor-element-25da042 elementor-widget elementor-widget-spacer\" data-id=\"25da042\" data-element_type=\"widget\" data-e-type=\"widget\" data-widget_type=\"spacer.default\">\n\t\t\t\t<div class=\"elementor-widget-container\">\n\t\t\t\t\t\t\t<div class=\"elementor-spacer\">\n\t\t\t<div class=\"elementor-spacer-inner\"><\/div>\n\t\t<\/div>\n\t\t\t\t\t\t<\/div>\n\t\t\t\t<\/div>\n\t\t\t\t<div class=\"elementor-element elementor-element-5c8fa24 elementor-widget elementor-widget-heading\" data-id=\"5c8fa24\" data-element_type=\"widget\" data-e-type=\"widget\" data-widget_type=\"heading.default\">\n\t\t\t\t<div class=\"elementor-widget-container\">\n\t\t\t\t\t<h4 class=\"elementor-heading-title elementor-size-default\">membre du comit\u00e9<\/h4>\t\t\t\t<\/div>\n\t\t\t\t<\/div>\n\t\t\t\t<div class=\"elementor-element elementor-element-27cecaf elementor-widget elementor-widget-heading\" data-id=\"27cecaf\" data-element_type=\"widget\" data-e-type=\"widget\" data-widget_type=\"heading.default\">\n\t\t\t\t<div class=\"elementor-widget-container\">\n\t\t\t\t\t<h2 class=\"elementor-heading-title elementor-size-default\">Dianne Leach - France Events Manager<\/h2>\t\t\t\t<\/div>\n\t\t\t\t<\/div>\n\t\t\t\t<div class=\"elementor-element elementor-element-aa23af3 elementor-widget elementor-widget-heading\" data-id=\"aa23af3\" data-element_type=\"widget\" data-e-type=\"widget\" data-widget_type=\"heading.default\">\n\t\t\t\t<div class=\"elementor-widget-container\">\n\t\t\t\t\t<h6 class=\"elementor-heading-title elementor-size-default\"><a href=\"https:\/\/theelliesoutter.foundation\/fr\/committee\/\">&lt;&lt; retour au comit\u00e9<\/a><\/h6>\t\t\t\t<\/div>\n\t\t\t\t<\/div>\n\t\t\t\t<div class=\"elementor-element elementor-element-04b5173 elementor-widget elementor-widget-spacer\" data-id=\"04b5173\" data-element_type=\"widget\" data-e-type=\"widget\" data-widget_type=\"spacer.default\">\n\t\t\t\t<div class=\"elementor-widget-container\">\n\t\t\t\t\t\t\t<div class=\"elementor-spacer\">\n\t\t\t<div class=\"elementor-spacer-inner\"><\/div>\n\t\t<\/div>\n\t\t\t\t\t\t<\/div>\n\t\t\t\t<\/div>\n\t\t\t\t\t<\/div>\n\t\t<\/div>\n\t\t\t\t\t<\/div>\n\t\t<\/section>\n\t\t\t\t<section class=\"elementor-section elementor-top-section elementor-element elementor-element-358e810 elementor-section-stretched elementor-section-boxed elementor-section-height-default elementor-section-height-default\" data-id=\"358e810\" data-element_type=\"section\" data-e-type=\"section\" data-settings=\"{&quot;stretch_section&quot;:&quot;section-stretched&quot;}\">\n\t\t\t\t\t\t<div class=\"elementor-container elementor-column-gap-default\">\n\t\t\t\t\t<div class=\"elementor-column elementor-col-33 elementor-top-column elementor-element elementor-element-2d8c1e9\" data-id=\"2d8c1e9\" data-element_type=\"column\" data-e-type=\"column\">\n\t\t\t<div class=\"elementor-widget-wrap elementor-element-populated\">\n\t\t\t\t\t\t<div class=\"elementor-element elementor-element-2b783d6 elementor-widget elementor-widget-spacer\" data-id=\"2b783d6\" data-element_type=\"widget\" data-e-type=\"widget\" data-widget_type=\"spacer.default\">\n\t\t\t\t<div class=\"elementor-widget-container\">\n\t\t\t\t\t\t\t<div class=\"elementor-spacer\">\n\t\t\t<div class=\"elementor-spacer-inner\"><\/div>\n\t\t<\/div>\n\t\t\t\t\t\t<\/div>\n\t\t\t\t<\/div>\n\t\t\t\t<div class=\"elementor-element elementor-element-f93d81c elementor-widget elementor-widget-image\" data-id=\"f93d81c\" data-element_type=\"widget\" data-e-type=\"widget\" data-widget_type=\"image.default\">\n\t\t\t\t<div class=\"elementor-widget-container\">\n\t\t\t\t\t\t\t\t\t\t\t\t\t\t\t<img fetchpriority=\"high\" decoding=\"async\" width=\"300\" height=\"300\" src=\"https:\/\/theelliesoutter.foundation\/wp-content\/uploads\/2020\/06\/Diane-Leach.jpg\" class=\"attachment-profile_300 size-profile_300 wp-image-1177\" alt=\"\" srcset=\"https:\/\/theelliesoutter.foundation\/wp-content\/uploads\/2020\/06\/Diane-Leach.jpg 300w, https:\/\/theelliesoutter.foundation\/wp-content\/uploads\/2020\/06\/Diane-Leach-150x150.jpg 150w, https:\/\/theelliesoutter.foundation\/wp-content\/uploads\/2020\/06\/Diane-Leach-100x100.jpg 100w, https:\/\/theelliesoutter.foundation\/wp-content\/uploads\/2020\/06\/Diane-Leach-50x50.jpg 50w, https:\/\/theelliesoutter.foundation\/wp-content\/uploads\/2020\/06\/Diane-Leach-24x24.jpg 24w, https:\/\/theelliesoutter.foundation\/wp-content\/uploads\/2020\/06\/Diane-Leach-48x48.jpg 48w, https:\/\/theelliesoutter.foundation\/wp-content\/uploads\/2020\/06\/Diane-Leach-96x96.jpg 96w\" sizes=\"(max-width: 300px) 100vw, 300px\" \/>\t\t\t\t\t\t\t\t\t\t\t\t\t\t\t<\/div>\n\t\t\t\t<\/div>\n\t\t\t\t<div class=\"elementor-element elementor-element-8172ced elementor-shape-circle elementor-grid-0 e-grid-align-center elementor-widget elementor-widget-social-icons\" data-id=\"8172ced\" data-element_type=\"widget\" data-e-type=\"widget\" data-widget_type=\"social-icons.default\">\n\t\t\t\t<div class=\"elementor-widget-container\">\n\t\t\t\t\t\t\t<div class=\"elementor-social-icons-wrapper elementor-grid\" role=\"list\">\n\t\t\t\t\t\t\t<span class=\"elementor-grid-item\" role=\"listitem\">\n\t\t\t\t\t<a class=\"elementor-icon elementor-social-icon elementor-social-icon-facebook elementor-repeater-item-2e96a40\" target=\"_blank\">\n\t\t\t\t\t\t<span class=\"elementor-screen-only\">Facebook<\/span>\n\t\t\t\t\t\t<i aria-hidden=\"true\" class=\"fab fa-facebook\"><\/i>\t\t\t\t\t<\/a>\n\t\t\t\t<\/span>\n\t\t\t\t\t\t\t<span class=\"elementor-grid-item\" role=\"listitem\">\n\t\t\t\t\t<a class=\"elementor-icon elementor-social-icon elementor-social-icon-twitter elementor-repeater-item-94d8068\" target=\"_blank\">\n\t\t\t\t\t\t<span class=\"elementor-screen-only\">Twitter<\/span>\n\t\t\t\t\t\t<i aria-hidden=\"true\" class=\"fab fa-twitter\"><\/i>\t\t\t\t\t<\/a>\n\t\t\t\t<\/span>\n\t\t\t\t\t\t\t<span class=\"elementor-grid-item\" role=\"listitem\">\n\t\t\t\t\t<a class=\"elementor-icon elementor-social-icon elementor-social-icon-envelope elementor-repeater-item-6c89b77\" href=\"mailto:contact@theelliesoutter.foundation\" target=\"_blank\">\n\t\t\t\t\t\t<span class=\"elementor-screen-only\">Envelope<\/span>\n\t\t\t\t\t\t<i aria-hidden=\"true\" class=\"fas fa-envelope\"><\/i>\t\t\t\t\t<\/a>\n\t\t\t\t<\/span>\n\t\t\t\t\t<\/div>\n\t\t\t\t\t\t<\/div>\n\t\t\t\t<\/div>\n\t\t\t\t\t<\/div>\n\t\t<\/div>\n\t\t\t\t<div class=\"elementor-column elementor-col-66 elementor-top-column elementor-element elementor-element-a471f1d\" data-id=\"a471f1d\" data-element_type=\"column\" data-e-type=\"column\">\n\t\t\t<div class=\"elementor-widget-wrap elementor-element-populated\">\n\t\t\t\t\t\t<div class=\"elementor-element elementor-element-7f18663 elementor-widget elementor-widget-spacer\" data-id=\"7f18663\" data-element_type=\"widget\" data-e-type=\"widget\" data-widget_type=\"spacer.default\">\n\t\t\t\t<div class=\"elementor-widget-container\">\n\t\t\t\t\t\t\t<div class=\"elementor-spacer\">\n\t\t\t<div class=\"elementor-spacer-inner\"><\/div>\n\t\t<\/div>\n\t\t\t\t\t\t<\/div>\n\t\t\t\t<\/div>\n\t\t\t\t<div class=\"elementor-element elementor-element-dba96e1 elementor-widget elementor-widget-text-editor\" data-id=\"dba96e1\" data-element_type=\"widget\" data-e-type=\"widget\" data-widget_type=\"text-editor.default\">\n\t\t\t\t<div class=\"elementor-widget-container\">\n\t\t\t\t\t\t\t\t\t<h3>Dans mes moments de loisir, vous me trouverez sur les chemins des South Downs dans le Sussex ou en train de m'essayer \u00e0 quelque chose de nouveau (r\u00e9cemment c'\u00e9tait le golf).<\/h3><p>Pendant l'hiver, vous me trouverez probablement dans les Alpes fran\u00e7aises, occup\u00e9e \u00e0 quelque sport d'hiver d\u00e9raisonnable !<\/p><p>Ma plus grande victoire \u00e0 ce jour a \u00e9t\u00e9 de mener \u00e0 bien l'\u00e9laboration et la construction de notre chalet dans les Alpes fran\u00e7aises.<\/p><p>J'ai travaill\u00e9 sur des \u00e9v\u00e9nements petits et grands, y compris 18 c\u00e9r\u00e9monies d'ouverture et de fermeture des Jeux olympiques et paralympiques. J'ai 20 ans d'exp\u00e9rience dans de nombreux aspects de la production, y compris l'\u00e9laboration et la gestion de projets, la logistique, le casting, la direction de troupe et la r\u00e9gie. J'ai \u00e9galement beaucoup d'exp\u00e9rience dans l'administration technique de projets et la coordination, y compris la direction d'\u00e9quipes, la gestion budg\u00e9taire et la planification. Avant de rejoindre l'\u00e9v\u00e9nementiel, j'ai travaill\u00e9 10 ans comme directrice de casting dans le West End de Londres sur plusieurs productions prestigieuses pour Cameron Mackintosh et Bill Kenwright.<\/p><p>C'est un honneur pour moi d'apporter ma contribution, si petite soit-elle, \u00e0 la Fondation Ellie Soutter en l'aidant \u00e0 organiser certains de ses \u00e9v\u00e9nements de bienfaisance. Il est primordial de prendre en consid\u00e9ration le bien-\u00eatre mental des jeunes athl\u00e8tes lorsqu'ils d\u00e9butent dans le monde du sport de haut niveau. La Fondation travaille d'arrache-pied sur ce projet de sensibilisation et elle est aussi en mesure d'aider financi\u00e8rement plusieurs jeunes athl\u00e8tes, gr\u00e2ce aux \u00e9v\u00e9nements de bienfaisance et aux dons d'argent. Je suis tr\u00e8s heureuse de faire partie de l'\u00e9quipe.<\/p>\t\t\t\t\t\t\t\t<\/div>\n\t\t\t\t<\/div>\n\t\t\t\t\t<\/div>\n\t\t<\/div>\n\t\t\t\t\t<\/div>\n\t\t<\/section>\n\t\t\t\t<section class=\"elementor-section elementor-top-section elementor-element elementor-element-f9e4e8b elementor-section-boxed elementor-section-height-default elementor-section-height-default\" data-id=\"f9e4e8b\" data-element_type=\"section\" data-e-type=\"section\">\n\t\t\t\t\t\t<div class=\"elementor-container elementor-column-gap-default\">\n\t\t\t\t\t<div class=\"elementor-column elementor-col-100 elementor-top-column elementor-element elementor-element-5e5802d\" data-id=\"5e5802d\" data-element_type=\"column\" data-e-type=\"column\">\n\t\t\t<div class=\"elementor-widget-wrap elementor-element-populated\">\n\t\t\t\t\t\t<div class=\"elementor-element elementor-element-c70e562 elementor-widget elementor-widget-spacer\" data-id=\"c70e562\" data-element_type=\"widget\" data-e-type=\"widget\" data-widget_type=\"spacer.default\">\n\t\t\t\t<div class=\"elementor-widget-container\">\n\t\t\t\t\t\t\t<div class=\"elementor-spacer\">\n\t\t\t<div class=\"elementor-spacer-inner\"><\/div>\n\t\t<\/div>\n\t\t\t\t\t\t<\/div>\n\t\t\t\t<\/div>\n\t\t\t\t\t<\/div>\n\t\t<\/div>\n\t\t\t\t\t<\/div>\n\t\t<\/section>\n\t\t\t\t<section class=\"elementor-section elementor-top-section elementor-element elementor-element-6ef0b19 elementor-section-stretched elementor-section-boxed elementor-section-height-default elementor-section-height-default\" data-id=\"6ef0b19\" data-element_type=\"section\" data-e-type=\"section\" data-settings=\"{&quot;stretch_section&quot;:&quot;section-stretched&quot;,&quot;background_background&quot;:&quot;classic&quot;}\">\n\t\t\t\t\t\t\t<div class=\"elementor-background-overlay\"><\/div>\n\t\t\t\t\t\t\t<div class=\"elementor-container elementor-column-gap-default\">\n\t\t\t\t\t<div class=\"elementor-column elementor-col-100 elementor-top-column elementor-element elementor-element-4f6ac93\" data-id=\"4f6ac93\" data-element_type=\"column\" data-e-type=\"column\">\n\t\t\t<div class=\"elementor-widget-wrap elementor-element-populated\">\n\t\t\t\t\t\t<div class=\"elementor-element elementor-element-b4dd10b elementor-widget elementor-widget-spacer\" data-id=\"b4dd10b\" data-element_type=\"widget\" data-e-type=\"widget\" data-widget_type=\"spacer.default\">\n\t\t\t\t<div class=\"elementor-widget-container\">\n\t\t\t\t\t\t\t<div class=\"elementor-spacer\">\n\t\t\t<div class=\"elementor-spacer-inner\"><\/div>\n\t\t<\/div>\n\t\t\t\t\t\t<\/div>\n\t\t\t\t<\/div>\n\t\t\t\t<div class=\"elementor-element elementor-element-7abb303 elementor-widget elementor-widget-heading\" data-id=\"7abb303\" data-element_type=\"widget\" data-e-type=\"widget\" data-widget_type=\"heading.default\">\n\t\t\t\t<div class=\"elementor-widget-container\">\n\t\t\t\t\t<h3 class=\"elementor-heading-title elementor-size-default\">Nous avons besoin de votre aide<\/h3>\t\t\t\t<\/div>\n\t\t\t\t<\/div>\n\t\t\t\t<div class=\"elementor-element elementor-element-6ec4eaa elementor-widget elementor-widget-text-editor\" data-id=\"6ec4eaa\" data-element_type=\"widget\" data-e-type=\"widget\" data-widget_type=\"text-editor.default\">\n\t\t\t\t<div class=\"elementor-widget-container\">\n\t\t\t\t\t\t\t\t\t<p style=\"text-align: center;\">Que ce soit sous la forme d'un don ou d'un partenariat d'entreprise. Vous pouvez nous soutenir en faisant un don \u00e0 la Fondation Ellie Soutter.<\/p>\t\t\t\t\t\t\t\t<\/div>\n\t\t\t\t<\/div>\n\t\t\t\t<div class=\"elementor-element elementor-element-d9bb8f0 elementor-align-center elementor-widget elementor-widget-button\" data-id=\"d9bb8f0\" data-element_type=\"widget\" data-e-type=\"widget\" data-widget_type=\"button.default\">\n\t\t\t\t<div class=\"elementor-widget-container\">\n\t\t\t\t\t\t\t\t\t<div class=\"elementor-button-wrapper\">\n\t\t\t\t\t<a class=\"elementor-button elementor-button-link elementor-size-lg\" href=\"https:\/\/theelliesoutter.foundation\/fr\/donate\/\">\n\t\t\t\t\t\t<span class=\"elementor-button-content-wrapper\">\n\t\t\t\t\t\t\t\t\t<span class=\"elementor-button-text\">Faire un don maintenant<\/span>\n\t\t\t\t\t<\/span>\n\t\t\t\t\t<\/a>\n\t\t\t\t<\/div>\n\t\t\t\t\t\t\t\t<\/div>\n\t\t\t\t<\/div>\n\t\t\t\t<div class=\"elementor-element elementor-element-bd5a978 elementor-widget elementor-widget-spacer\" data-id=\"bd5a978\" data-element_type=\"widget\" data-e-type=\"widget\" data-widget_type=\"spacer.default\">\n\t\t\t\t<div class=\"elementor-widget-container\">\n\t\t\t\t\t\t\t<div class=\"elementor-spacer\">\n\t\t\t<div class=\"elementor-spacer-inner\"><\/div>\n\t\t<\/div>\n\t\t\t\t\t\t<\/div>\n\t\t\t\t<\/div>\n\t\t\t\t\t<\/div>\n\t\t<\/div>\n\t\t\t\t\t<\/div>\n\t\t<\/section>\n\t\t\t\t<\/div>","protected":false},"excerpt":{"rendered":"<p>committee member Dianne Leach &#8211; France Events Manager &lt;&lt; back to committee Facebook Twitter Envelope When not working I can be found either in Sussex walking on the South Downs, or trying something new (golf being the latest activity of choice). During the winter months I\u2019ll more than likely be [&hellip;]<\/p>\n","protected":false},"author":8,"featured_media":0,"parent":851,"menu_order":0,"comment_status":"closed","ping_status":"closed","template":"templates\/builder.php","meta":{"_uag_custom_page_level_css":"","_price":"","_stock":"","_tribe_ticket_header":"","_tribe_default_ticket_provider":"","_tribe_ticket_capacity":"0","_ticket_start_date":"","_ticket_end_date":"","_tribe_ticket_show_description":"","_tribe_ticket_show_not_going":false,"_tribe_ticket_use_global_stock":"","_tribe_ticket_global_stock_level":"","_global_stock_mode":"","_global_stock_cap":"","_tribe_rsvp_for_event":"","_tribe_ticket_going_count":"","_tribe_ticket_not_going_count":"","_tribe_tickets_list":"[]","_tribe_ticket_has_attendee_info_fields":false,"footnotes":"","_tec_slr_enabled":"","_tec_slr_layout":""},"class_list":["post-1183","page","type-page","status-publish","hentry"],"uagb_featured_image_src":{"full":false,"thumbnail":false,"medium":false,"medium_large":false,"large":false,"1536x1536":false,"2048x2048":false,"trp-custom-language-flag":false,"spencer_plugin_featgal_small_thumb":false,"post-thumbnail":false,"spencer_item":false,"spencer_item_tall":false,"spencer_fullwidth":false,"spencer_hero":false,"spencer_slide":false,"maxslider_slide":false,"profile_24":false,"profile_48":false,"profile_96":false,"profile_150":false,"profile_300":false},"uagb_author_info":{"display_name":"Michael Henderson","author_link":"https:\/\/theelliesoutter.foundation\/fr\/author\/michael-henderson\/"},"uagb_comment_info":0,"uagb_excerpt":"committee member Dianne Leach &#8211; France Events Manager &lt;&lt; back to committee Facebook Twitter Envelope When not working I can be found either in Sussex walking on the South Downs, or trying something new (golf being the latest activity of choice). During the winter months I\u2019ll more than likely be [&hellip;]","jetpack_sharing_enabled":true,"ticketed":false,"_links":{"self":[{"href":"https:\/\/theelliesoutter.foundation\/fr\/wp-json\/wp\/v2\/pages\/1183","targetHints":{"allow":["GET"]}}],"collection":[{"href":"https:\/\/theelliesoutter.foundation\/fr\/wp-json\/wp\/v2\/pages"}],"about":[{"href":"https:\/\/theelliesoutter.foundation\/fr\/wp-json\/wp\/v2\/types\/page"}],"author":[{"embeddable":true,"href":"https:\/\/theelliesoutter.foundation\/fr\/wp-json\/wp\/v2\/users\/8"}],"replies":[{"embeddable":true,"href":"https:\/\/theelliesoutter.foundation\/fr\/wp-json\/wp\/v2\/comments?post=1183"}],"version-history":[{"count":0,"href":"https:\/\/theelliesoutter.foundation\/fr\/wp-json\/wp\/v2\/pages\/1183\/revisions"}],"up":[{"embeddable":true,"href":"https:\/\/theelliesoutter.foundation\/fr\/wp-json\/wp\/v2\/pages\/851"}],"wp:attachment":[{"href":"https:\/\/theelliesoutter.foundation\/fr\/wp-json\/wp\/v2\/media?parent=1183"}],"curies":[{"name":"wp","href":"https:\/\/api.w.org\/{rel}","templated":true}]}}