{"id":1104,"date":"2020-06-05T09:44:54","date_gmt":"2020-06-05T09:44:54","guid":{"rendered":"https:\/\/www.theelliesoutter.foundation\/?page_id=1104"},"modified":"2020-06-05T09:58:14","modified_gmt":"2020-06-05T09:58:14","slug":"cookie-policy","status":"publish","type":"page","link":"https:\/\/theelliesoutter.foundation\/fr\/cookie-policy\/","title":{"rendered":"Politique relative aux cookies"},"content":{"rendered":"<div class=\"cli_pg_page_contaner\">\n<h3>\u00c0 propos de la pr\u00e9sente politique relative aux cookies<\/h3>\n<div>\n<p>Cette politique explique ce que sont les cookies et l'usage que nous en faisons. Nous vous recommandons de la lire pour comprendre ce que sont les cookies, comment nous les utilisons, les types de cookies que nous utilisons, les informations que nous recueillons \u00e0 l'aide des cookies et comment ces informations sont utilis\u00e9es et comment contr\u00f4ler les pr\u00e9f\u00e9rences en mati\u00e8re de cookies. Pour plus d'informations sur la mani\u00e8re dont nous utilisons, stockons et s\u00e9curisons vos donn\u00e9es personnelles, veuillez consulter notre Politique de confidentialit\u00e9.<\/p>\n<p>Vous pouvez \u00e0 tout moment modifier ou r\u00e9voquer votre consentement dans la D\u00e9claration relative aux cookies sur notre site.<br \/>\nPour en savoir plus sur qui nous sommes, comment vous pouvez nous contacter et comment nous traitons les donn\u00e9es personnelles, consultez notre politique de confidentialit\u00e9.<br \/>\nVotre consentement s'applique aux domaines suivants : theelliesoutter.foundation<br \/>\n<div class=\"cli_user_consent_state\">Votre \u00e9tat actuel\u00a0: Aucun consentement donn\u00e9. <a class=\"cli_manage_current_consent\" style=\"cursor:pointer;text-decoration:underline;\">G\u00e9rez votre consentement.<\/a> <\/div><\/p>\n<\/div>\n<h3>Que sont les cookies ?<\/h3>\n<div>Les cookies sont de petits fichiers texte utilis\u00e9s pour stocker de petits \u00e9l\u00e9ments d'information.\nLes cookies sont stock\u00e9s sur votre appareil lors du chargement du site dans votre navigateur. Ils nous aident \u00e0 faire fonctionner correctement le site, \u00e0 le rendre plus s\u00fbr, \u00e0 fournir une meilleure exp\u00e9rience utilisateur, \u00e0 analyser ce qui fonctionne bien et ce qui doit \u00eatre am\u00e9lior\u00e9.<\/div>\n<h3>Comment utilisons-nous les cookies ?<\/h3>\n<div>\n<p>Comme la plupart des services en ligne, notre site utilise des cookies primaires et des cookies tiers pour diff\u00e9rentes raisons. Les cookies primaires sont n\u00e9cessaires au bon fonctionnement du site, ils ne collectent pas vos donn\u00e9es personnelles.<\/p>\n<p>Comme la plupart des services en ligne, notre site utilise des cookies primaires et des cookies tiers pour diff\u00e9rentes raisons.\nLes cookies primaires sont n\u00e9cessaires au bon fonctionnement du site, ils ne collectent pas vos donn\u00e9es personnelles. Les cookies tiers utilis\u00e9s sur nos sites servent \u00e0 comprendre comment le site fonctionne, comment vous interagissez avec notre site, \u00e0 assurer la s\u00e9curit\u00e9 de nos services, \u00e0 fournir des publicit\u00e9s qui vous sont pertinentes et, dans l'ensemble, \u00e0 vous fournir une exp\u00e9rience utilisateur meilleure et am\u00e9lior\u00e9e et \u00e0 acc\u00e9l\u00e9rer vos interactions futures avec notre site.<\/p>\n<\/div>\n<h3>Quels types de cookies utilisons-nous ?<\/h3>\n<div>\n<p>Essentiels : certains cookies sont essentiels pour que vous puissiez b\u00e9n\u00e9ficier de toutes les fonctionnalit\u00e9s de notre site. Ils nous permettent de maintenir les sessions des utilisateurs et de pr\u00e9venir toute menace pour la s\u00e9curit\u00e9.\nIls ne collectent pas et ne stockent pas d'informations personnelles. Ils vous permettent, par exemple, de vous connecter \u00e0 votre compte, d'ajouter des produits \u00e0 votre panier et de r\u00e9gler vos achats en toute s\u00e9curit\u00e9.<\/p>\n<p>Statistiques : ces cookies stockent des informations telles que le nombre de visiteurs du site, le nombre de visiteurs uniques, les pages visit\u00e9es, la source de la visite etc. Ces donn\u00e9es nous aident \u00e0 comprendre et \u00e0 analyser les performances du site et les points \u00e0 am\u00e9liorer.<\/p>\n<p>Marketing : notre site affiche des publicit\u00e9s.\nCes cookies servent \u00e0 personnaliser les publicit\u00e9s que nous vous montrons afin qu'elles soient pertinentes pour vous. Ils nous permettent \u00e9galement de suivre l'efficacit\u00e9 de ces campagnes publicitaires.<br \/>\nLes informations stock\u00e9es dans ces cookies peuvent \u00e9galement \u00eatre utilis\u00e9es par les fournisseurs de publicit\u00e9 tiers pour vous montrer des publicit\u00e9s sur d'autres sites sur le navigateur aussi.<\/p>\n<p>Fonctionnels : il s'agit de cookies qui permettent certaines fonctionnalit\u00e9s non essentielles sur notre site. Ces fonctionnalit\u00e9s comprennent l'int\u00e9gration de contenus tels que des vid\u00e9os ou le partage de contenus du site sur des plateformes de m\u00e9dias sociaux.<\/p>\n<p>Pr\u00e9f\u00e9rences : ces cookies nous aident \u00e0 stocker vos param\u00e8tres et pr\u00e9f\u00e9rences de navigation, comme les pr\u00e9f\u00e9rences linguistiques, afin de vous offrir une meilleure exp\u00e9rience plus efficace lors de vos prochaines visites sur le site.<br \/>\n<\/p>\n<\/div>\n<h3>Comment puis-je contr\u00f4ler les pr\u00e9f\u00e9rences en mati\u00e8re de cookies ?<\/h3>\n<div>\n<p>Si vous d\u00e9cidez de modifier vos pr\u00e9f\u00e9rences au cours de votre session de navigation, vous pouvez cliquer sur l'onglet \u00ab Politique relative \u00e0 la confidentialit\u00e9 et aux cookies \u00bb sur votre \u00e9cran. L'avis de consentement s'affichera \u00e0 nouveau, ce qui vous permettra de modifier vos pr\u00e9f\u00e9rences ou de r\u00e9voquer enti\u00e8rement votre consentement.<\/p>\n<p>Par ailleurs, les diff\u00e9rents navigateurs offrent diff\u00e9rentes m\u00e9thodes permettant de bloquer et de supprimer les cookies utilis\u00e9s par les sites. Vous pouvez modifier les param\u00e8tres de votre navigateur pour bloquer\/supprimer les cookies.\nPour en savoir plus sur la mani\u00e8re de g\u00e9rer et de supprimer les cookies, consultez les sites wikipedia.org, www.allaboutcookies.org.<\/p>\n<\/div>\n<\/div>","protected":false},"excerpt":{"rendered":"<p>About this cookie policy This Cookie Policy explains what cookies are and how we use them. You should read this policy to understand what cookies are, how we use them, the types of cookies we use i.e, the information we collect using cookies and how that information is used and [&hellip;]<\/p>\n","protected":false},"author":8,"featured_media":0,"parent":0,"menu_order":0,"comment_status":"closed","ping_status":"closed","template":"","meta":{"_uag_custom_page_level_css":"","_price":"","_stock":"","_tribe_ticket_header":"","_tribe_default_ticket_provider":"","_tribe_ticket_capacity":"0","_ticket_start_date":"","_ticket_end_date":"","_tribe_ticket_show_description":"","_tribe_ticket_show_not_going":false,"_tribe_ticket_use_global_stock":"","_tribe_ticket_global_stock_level":"","_global_stock_mode":"","_global_stock_cap":"","_tribe_rsvp_for_event":"","_tribe_ticket_going_count":"","_tribe_ticket_not_going_count":"","_tribe_tickets_list":"[]","_tribe_ticket_has_attendee_info_fields":false,"footnotes":"","_tec_slr_enabled":"","_tec_slr_layout":""},"class_list":["post-1104","page","type-page","status-publish","hentry"],"uagb_featured_image_src":{"full":false,"thumbnail":false,"medium":false,"medium_large":false,"large":false,"1536x1536":false,"2048x2048":false,"trp-custom-language-flag":false,"spencer_plugin_featgal_small_thumb":false,"post-thumbnail":false,"spencer_item":false,"spencer_item_tall":false,"spencer_fullwidth":false,"spencer_hero":false,"spencer_slide":false,"maxslider_slide":false,"profile_24":false,"profile_48":false,"profile_96":false,"profile_150":false,"profile_300":false},"uagb_author_info":{"display_name":"Michael Henderson","author_link":"https:\/\/theelliesoutter.foundation\/fr\/author\/michael-henderson\/"},"uagb_comment_info":0,"uagb_excerpt":"About this cookie policy This Cookie Policy explains what cookies are and how we use them. You should read this policy to understand what cookies are, how we use them, the types of cookies we use i.e, the information we collect using cookies and how that information is used and [&hellip;]","jetpack_sharing_enabled":true,"ticketed":false,"_links":{"self":[{"href":"https:\/\/theelliesoutter.foundation\/fr\/wp-json\/wp\/v2\/pages\/1104","targetHints":{"allow":["GET"]}}],"collection":[{"href":"https:\/\/theelliesoutter.foundation\/fr\/wp-json\/wp\/v2\/pages"}],"about":[{"href":"https:\/\/theelliesoutter.foundation\/fr\/wp-json\/wp\/v2\/types\/page"}],"author":[{"embeddable":true,"href":"https:\/\/theelliesoutter.foundation\/fr\/wp-json\/wp\/v2\/users\/8"}],"replies":[{"embeddable":true,"href":"https:\/\/theelliesoutter.foundation\/fr\/wp-json\/wp\/v2\/comments?post=1104"}],"version-history":[{"count":0,"href":"https:\/\/theelliesoutter.foundation\/fr\/wp-json\/wp\/v2\/pages\/1104\/revisions"}],"wp:attachment":[{"href":"https:\/\/theelliesoutter.foundation\/fr\/wp-json\/wp\/v2\/media?parent=1104"}],"curies":[{"name":"wp","href":"https:\/\/api.w.org\/{rel}","templated":true}]}}