{"id":1098,"date":"2020-06-05T09:33:53","date_gmt":"2020-06-05T09:33:53","guid":{"rendered":"https:\/\/www.theelliesoutter.foundation\/?page_id=1098"},"modified":"2020-06-05T09:34:38","modified_gmt":"2020-06-05T09:34:38","slug":"privacy-policy","status":"publish","type":"page","link":"https:\/\/theelliesoutter.foundation\/fr\/privacy-policy\/","title":{"rendered":"Politique de confidentialit\u00e9"},"content":{"rendered":"<div class=\"entry-content\">\n<p>Derni\u00e8re mise \u00e0 jour : 5 juin 2020<\/p>\n<p>La Fondation Ellie Soutter (\u00ab nous \u00bb, \u00ab notre \u00bb, ou \u00ab nos \u00bb) g\u00e8re le site The Ellie Soutter Foundation (le \u00ab Service \u00bb).<\/p>\n<p>La pr\u00e9sente page vous informe de nos politiques concernant la collecte, l'utilisation et la divulgation des informations personnelles lorsque vous utilisez notre Service.<\/p>\n<p>Nous nous engageons \u00e0 ne pas utiliser ou partager vos informations avec quiconque, sauf dans les cas d\u00e9crits dans la pr\u00e9sente Politique de confidentialit\u00e9.<\/p>\n<p>Nous utilisons vos informations personnelles pour fournir notre Service et pour l'am\u00e9liorer.\nPar votre utilisation du Service, vous acceptez la collecte et l'utilisation d'informations conform\u00e9ment \u00e0 la pr\u00e9sente politique. Sauf express\u00e9ment d\u00e9crit dans la pr\u00e9sente Politique de confidentialit\u00e9, les conditions sont conformes \u00e0 nos Conditions g\u00e9n\u00e9rales, disponibles sur https:\/\/theelliesoutter.foundation<\/p>\n<h2>Collecte et utilisation des informations personnelles<\/h2>\n<p>Lors de l'utilisation de notre service, nous pouvons vous demander de nous fournir certaines informations qui personnellement identifiables qui pourront \u00eatre utilis\u00e9es pour vous contacter ou vous identifier. Ces informations (\u00ab Informations personnelles \u00bb) peuvent inclure, mais ne sont pas limit\u00e9es \u00e0 la liste suivante :<\/p>\n<ul>\n<li>Nom<\/li>\n<li>Adresse courriel<\/li>\n<\/ul>\n<h2>Fichiers journaux<\/h2>\n<p>Nous recueillons les informations que votre navigateur envoie lorsque vous visitez notre Service (\u00ab Fichiers journaux \u00bb). Ces fichiers peuvent inclure des informations telles que l'adresse de protocole Internet (\u00ab IP \u00bb) de votre ordinateur, le type et la version de votre navigateur, les pages de notre Service que vous visitez, l'heure et la date de votre visite, le temps pass\u00e9 sur les pages et d'autres statistiques.<\/p>\n<h2>Cookies<\/h2>\n<p>Les cookies sont des fichiers contenant une petite quantit\u00e9 de donn\u00e9es, qui peuvent inclure un identifiant unique anonyme. Ils sont envoy\u00e9s \u00e0 votre navigateur par un site et stock\u00e9s sur le disque dur de votre ordinateur.<\/p>\n<p>Nous utilisons les cookies pour collecter des informations. Vous pouvez demander \u00e0 votre navigateur de refuser tous les cookies ou d'indiquer quand un cookie est envoy\u00e9. Si vous refusez les cookies, vous ne pourrez pas utiliser certaines parties de notre Service.<\/p>\n<h2>Fournisseurs de services<\/h2>\n<p>Nous pouvons faire appel \u00e0 des soci\u00e9t\u00e9s et \u00e0 des personnes tierces pour le bon fonctionnement de notre Service, pour fournir le Service en notre nom, pour fournir des services relatifs au Service ou pour nous aider \u00e0 analyser la fa\u00e7on dont notre Service est utilis\u00e9.<\/p>\n<p>Ces tiers ont acc\u00e8s \u00e0 vos Informations personnelles uniquement dans le but d'effectuer ces t\u00e2ches en notre nom et sont tenus de ne pas les divulguer ou les utiliser \u00e0 d'autres fins.<\/p>\n<h2>S\u00e9curit\u00e9<\/h2>\n<p>La s\u00e9curit\u00e9 de vos informations personnelles est tr\u00e8s importante pour nous, mais n'oubliez pas qu'aucune m\u00e9thode de transmission sur Internet ou de stockage \u00e9lectronique n'est s\u00fbre \u00e0 100 %. Bien que nous nous efforcions d'utiliser des moyens commercialement acceptables pour prot\u00e9ger vos Informations personnelles, nous ne pouvons pas garantir leur s\u00e9curit\u00e9 absolue.<\/p>\n<h2>Liens vers d'autres sites<\/h2>\n<p>Notre Service peut contenir des liens vers d'autres sites qui ne sont pas g\u00e9r\u00e9s par nous. Si vous cliquez sur un lien tiers, vous serez dirig\u00e9 vers le site de ce tiers. Nous vous conseillons vivement de consulter la Politique de confidentialit\u00e9 de chaque site que vous visitez.<\/p>\n<p>Nous n'avons aucun contr\u00f4le et n'assumons aucune responsabilit\u00e9 quant au contenu, aux politiques de confidentialit\u00e9 ou aux pratiques de tout site ou service tiers.<\/p>\n<h2>Protection des donn\u00e9es personnelles des enfants<\/h2>\n<p>Notre Service ne s'adresse pas aux personnes \u00e2g\u00e9es de moins de 18 ans (\u00ab Enfants \u00bb).<\/p>\n<p>Nous ne collectons pas sciemment d'informations personnellement identifiables aupr\u00e8s d'enfants de moins de 18 ans. Si vous \u00eates un parent ou un repr\u00e9sentant l\u00e9gal et que vous savez que votre enfant nous a fourni des Informations personnelles, veuillez nous contacter. Si nous d\u00e9couvrons qu'un enfant de moins de 18 ans nous a fourni des Informations personnelles, nous supprimerons imm\u00e9diatement ces informations de nos serveurs.<\/p>\n<h2>Respect des lois<\/h2>\n<p>Nous divulguerons vos Informations personnelles si la loi ou une injonction nous y oblige.<\/p>\n<h2>Modifications de la pr\u00e9sente Politique de confidentialit\u00e9<\/h2>\n<p>Il se peut que nous mettions \u00e0 jour notre Politique de confidentialit\u00e9 de temps \u00e0 autre. Nous vous informerons de toute modification en publiant la nouvelle Politique de confidentialit\u00e9 sur cette page.<\/p>\n<p>Nous vous conseillons de consulter celle-ci r\u00e9guli\u00e8rement pour prendre connaissance des \u00e9ventuelles modifications. Les modifications apport\u00e9es \u00e0 la pr\u00e9sente Politique de confidentialit\u00e9 entrent en vigueur au moment o\u00f9 elles sont publi\u00e9es sur cette page.<\/p>\n<h2>Contactez-nous<\/h2>\n<p>Si vous avez des questions sur notre Politique de confidentialit\u00e9, veuillez nous contacter.<\/p>\n<\/div>","protected":false},"excerpt":{"rendered":"<p>Last updated: June 5, 2020 The Ellie Soutter Foundation (\u201cus\u201d, \u201cwe\u201d, or \u201cour\u201d) operates the The Ellie Soutter Foundation website (the \u201cService\u201d). This page informs you of our policies regarding the collection, use and disclosure of Personal Information when you use our Service. We will not use or share your [&hellip;]<\/p>\n","protected":false},"author":8,"featured_media":0,"parent":0,"menu_order":0,"comment_status":"closed","ping_status":"closed","template":"","meta":{"_uag_custom_page_level_css":"","_price":"","_stock":"","_tribe_ticket_header":"","_tribe_default_ticket_provider":"","_tribe_ticket_capacity":"0","_ticket_start_date":"","_ticket_end_date":"","_tribe_ticket_show_description":"","_tribe_ticket_show_not_going":false,"_tribe_ticket_use_global_stock":"","_tribe_ticket_global_stock_level":"","_global_stock_mode":"","_global_stock_cap":"","_tribe_rsvp_for_event":"","_tribe_ticket_going_count":"","_tribe_ticket_not_going_count":"","_tribe_tickets_list":"[]","_tribe_ticket_has_attendee_info_fields":false,"footnotes":"","_tec_slr_enabled":"","_tec_slr_layout":""},"class_list":["post-1098","page","type-page","status-publish","hentry"],"uagb_featured_image_src":{"full":false,"thumbnail":false,"medium":false,"medium_large":false,"large":false,"1536x1536":false,"2048x2048":false,"trp-custom-language-flag":false,"spencer_plugin_featgal_small_thumb":false,"post-thumbnail":false,"spencer_item":false,"spencer_item_tall":false,"spencer_fullwidth":false,"spencer_hero":false,"spencer_slide":false,"maxslider_slide":false,"profile_24":false,"profile_48":false,"profile_96":false,"profile_150":false,"profile_300":false},"uagb_author_info":{"display_name":"Michael Henderson","author_link":"https:\/\/theelliesoutter.foundation\/fr\/author\/michael-henderson\/"},"uagb_comment_info":0,"uagb_excerpt":"Last updated: June 5, 2020 The Ellie Soutter Foundation (\u201cus\u201d, \u201cwe\u201d, or \u201cour\u201d) operates the The Ellie Soutter Foundation website (the \u201cService\u201d). This page informs you of our policies regarding the collection, use and disclosure of Personal Information when you use our Service. We will not use or share your [&hellip;]","jetpack_sharing_enabled":true,"ticketed":false,"_links":{"self":[{"href":"https:\/\/theelliesoutter.foundation\/fr\/wp-json\/wp\/v2\/pages\/1098","targetHints":{"allow":["GET"]}}],"collection":[{"href":"https:\/\/theelliesoutter.foundation\/fr\/wp-json\/wp\/v2\/pages"}],"about":[{"href":"https:\/\/theelliesoutter.foundation\/fr\/wp-json\/wp\/v2\/types\/page"}],"author":[{"embeddable":true,"href":"https:\/\/theelliesoutter.foundation\/fr\/wp-json\/wp\/v2\/users\/8"}],"replies":[{"embeddable":true,"href":"https:\/\/theelliesoutter.foundation\/fr\/wp-json\/wp\/v2\/comments?post=1098"}],"version-history":[{"count":0,"href":"https:\/\/theelliesoutter.foundation\/fr\/wp-json\/wp\/v2\/pages\/1098\/revisions"}],"wp:attachment":[{"href":"https:\/\/theelliesoutter.foundation\/fr\/wp-json\/wp\/v2\/media?parent=1098"}],"curies":[{"name":"wp","href":"https:\/\/api.w.org\/{rel}","templated":true}]}}