{"id":1095,"date":"2020-06-05T09:33:07","date_gmt":"2020-06-05T09:33:07","guid":{"rendered":"https:\/\/www.theelliesoutter.foundation\/?page_id=1095"},"modified":"2020-06-05T09:56:46","modified_gmt":"2020-06-05T09:56:46","slug":"terms-and-conditions","status":"publish","type":"page","link":"https:\/\/theelliesoutter.foundation\/fr\/terms-and-conditions\/","title":{"rendered":"Conditions d'utilisation du site"},"content":{"rendered":"<p>Derni\u00e8re mise \u00e0 jour : 5 juin 2020<\/p>\n<p>Veuillez lire attentivement les pr\u00e9sentes conditions d'utilisation (\u00ab Conditions \u00bb, \u00ab  Conditions d'utilisation \u00bb) avant d'utiliser le site https:\/\/theelliesoutter.foundation (le \u00ab Service \u00bb) exploit\u00e9 par la Fondation Ellie Soutter (\u00ab nous \u00bb, \u00ab notre \u00bb, ou \u00ab nos \u00bb).<\/p>\n<p>Votre acc\u00e8s au Service et son utilisation implique l'acceptation pleine et enti\u00e8re de ces conditions g\u00e9n\u00e9rales d'utilisation.\nCelles-si s'appliquent \u00e0 tous les visiteurs, utilisateurs et autres personnes qui acc\u00e8dent au Service ou l'utilisent.<\/p>\n<p>En acc\u00e9dant au Service ou en l'utilisant, vous acceptez d'\u00eatre li\u00e9 par les pr\u00e9sentes Conditions. Si vous \u00eates en d\u00e9saccord avec une partie des Conditions, vous ne pouvez pas utiliser le Service.<\/p>\n<h2>Propri\u00e9t\u00e9 intellectuelle<\/h2>\n<p>Le Service et son contenu original, ses caract\u00e9ristiques et ses fonctionnalit\u00e9s sont et resteront la propri\u00e9t\u00e9 exclusive de la Fondation Ellie Soutter et de ses propri\u00e9taires.<\/p>\n<h2>Liens vers d'autres sites<\/h2>\n<p>Notre Service contient un certain nombre de liens vers des sites ou services tiers qui ne sont pas d\u00e9tenus ou contr\u00f4l\u00e9s par la Fondation Ellie Soutter.<\/p>\n<p>La Fondation Ellie Soutter ne pourra \u00eatre tenue responsable du contenu, des politiques de confidentialit\u00e9 ou pratiques de tout site ou service tiers. En outre, la Fondation Ellie Soutter ne pourra \u00eatre tenue responsable de tout dommage ou perte, direct ou indirect, caus\u00e9 ou suppos\u00e9 \u00eatre caus\u00e9 par ou en relation avec l'utilisation ou la confiance accord\u00e9e \u00e0 tout contenu, bien ou service disponible par le biais de tels sites ou services.<\/p>\n<p>Nous vous conseillons de lire attentivement les conditions g\u00e9n\u00e9rales et les politiques de confidentialit\u00e9 de tout site ou service tiers que vous visitez.<\/p>\n<h2>R\u00e9siliation<\/h2>\n<p>Nous pouvons r\u00e9silier ou suspendre l'acc\u00e8s \u00e0 notre Service \u00e0 tout moment, sans pr\u00e9avis ni responsabilit\u00e9, pour quelque raison que ce soit, y compris, mais sans s'y limiter, si vous violez les Conditions.<\/p>\n<p>Toutes les dispositions des Conditions qui, par leur nature, doivent survivre \u00e0 la r\u00e9siliation, survivront \u00e0 la r\u00e9siliation, y compris, mais sans s'y limiter, les dispositions relatives \u00e0 la propri\u00e9t\u00e9, l'exon\u00e9ration de garantie, l'indemnisation et les limitations de responsabilit\u00e9.<\/p>\n<h2>Clause de non-responsabilit\u00e9<\/h2>\n<p>L'utilisation du service rel\u00e8ve de votre seul risque. Le Service est fourni sur une base \u00ab AS IS \u00bb (tel quel) et \u00ab AS AVAILABLE \u00bb (tel que disponible). Le Service est fourni sans garantie, expresse ou implicite, d'aucune sorte, y compris, mais sans s'y limiter, les garanties implicites de qualit\u00e9 marchande, d'ad\u00e9quation \u00e0 un usage particulier, de non-violation ou d'ex\u00e9cution.<\/p>\n<h2>Droit applicable<\/h2>\n<p>Les pr\u00e9sentes Conditions sont r\u00e9gies et interpr\u00e9t\u00e9es conform\u00e9ment aux lois fran\u00e7aises, sans tenir compte des dispositions relatives aux conflits de lois.<\/p>\n<p>Le fait que nous ne fassions pas valoir un droit ou une disposition des pr\u00e9sentes Conditions ne sera pas consid\u00e9r\u00e9 comme une renonciation \u00e0 ces droits. Si une disposition des pr\u00e9sentes Conditions est jug\u00e9e invalide ou inapplicable par un tribunal, les autres dispositions des pr\u00e9sentes Conditions resteront en vigueur. Les pr\u00e9sentes Conditions constituent l'int\u00e9gralit\u00e9 de l'accord entre nous concernant notre Service, et annulent et remplacent tout accord ant\u00e9rieur que nous pourrions avoir entre nous concernant le Service.<\/p>\n<h2>Changes<\/h2>\n<p>Nous nous r\u00e9servons le droit, \u00e0 notre seule discr\u00e9tion, de modifier ou de remplacer les pr\u00e9sentes Conditions \u00e0 tout moment. Si une r\u00e9vision est substantielle, nous nous efforcerons de fournir un pr\u00e9avis d'au moins 30 jours avant l'entr\u00e9e en vigueur des nouvelles Conditions. Ce qui constitue une modification substantielle sera d\u00e9termin\u00e9 \u00e0 notre seule discr\u00e9tion.<\/p>\n<p>En continuant \u00e0 acc\u00e9der \u00e0 notre Service ou \u00e0 l'utiliser apr\u00e8s l'entr\u00e9e en vigueur de ces r\u00e9visions, vous acceptez les Conditions r\u00e9vis\u00e9es. Si vous n'acceptez pas les nouvelles Conditions, merci de cesser d'utiliser le service.<\/p>\n<h2>Contactez-nous<\/h2>\n<p>Si vous avez des questions sur les pr\u00e9sentes Conditions, veuillez nous contacter.<\/p>","protected":false},"excerpt":{"rendered":"<p>Last updated: June 5, 2020 Please read these Terms of Use (\u201cTerms\u201d, \u201cTerms of Use\u201d) carefully before using the https:\/\/theelliesoutter.foundation website (the \u201cService\u201d) operated by The Ellie Soutter Foundation (\u201cus\u201d, \u201cwe\u201d, or \u201cour\u201d). Your access to and use of the Service is conditioned on your acceptance of and compliance with [&hellip;]<\/p>\n","protected":false},"author":8,"featured_media":0,"parent":0,"menu_order":0,"comment_status":"closed","ping_status":"closed","template":"","meta":{"_uag_custom_page_level_css":"","_price":"","_stock":"","_tribe_ticket_header":"","_tribe_default_ticket_provider":"","_tribe_ticket_capacity":"0","_ticket_start_date":"","_ticket_end_date":"","_tribe_ticket_show_description":"","_tribe_ticket_show_not_going":false,"_tribe_ticket_use_global_stock":"","_tribe_ticket_global_stock_level":"","_global_stock_mode":"","_global_stock_cap":"","_tribe_rsvp_for_event":"","_tribe_ticket_going_count":"","_tribe_ticket_not_going_count":"","_tribe_tickets_list":"[]","_tribe_ticket_has_attendee_info_fields":false,"footnotes":"","_tec_slr_enabled":"","_tec_slr_layout":""},"class_list":["post-1095","page","type-page","status-publish","hentry"],"uagb_featured_image_src":{"full":false,"thumbnail":false,"medium":false,"medium_large":false,"large":false,"1536x1536":false,"2048x2048":false,"trp-custom-language-flag":false,"spencer_plugin_featgal_small_thumb":false,"post-thumbnail":false,"spencer_item":false,"spencer_item_tall":false,"spencer_fullwidth":false,"spencer_hero":false,"spencer_slide":false,"maxslider_slide":false,"profile_24":false,"profile_48":false,"profile_96":false,"profile_150":false,"profile_300":false},"uagb_author_info":{"display_name":"Michael Henderson","author_link":"https:\/\/theelliesoutter.foundation\/fr\/author\/michael-henderson\/"},"uagb_comment_info":0,"uagb_excerpt":"Last updated: June 5, 2020 Please read these Terms of Use (\u201cTerms\u201d, \u201cTerms of Use\u201d) carefully before using the https:\/\/theelliesoutter.foundation website (the \u201cService\u201d) operated by The Ellie Soutter Foundation (\u201cus\u201d, \u201cwe\u201d, or \u201cour\u201d). Your access to and use of the Service is conditioned on your acceptance of and compliance with [&hellip;]","jetpack_sharing_enabled":true,"ticketed":false,"_links":{"self":[{"href":"https:\/\/theelliesoutter.foundation\/fr\/wp-json\/wp\/v2\/pages\/1095","targetHints":{"allow":["GET"]}}],"collection":[{"href":"https:\/\/theelliesoutter.foundation\/fr\/wp-json\/wp\/v2\/pages"}],"about":[{"href":"https:\/\/theelliesoutter.foundation\/fr\/wp-json\/wp\/v2\/types\/page"}],"author":[{"embeddable":true,"href":"https:\/\/theelliesoutter.foundation\/fr\/wp-json\/wp\/v2\/users\/8"}],"replies":[{"embeddable":true,"href":"https:\/\/theelliesoutter.foundation\/fr\/wp-json\/wp\/v2\/comments?post=1095"}],"version-history":[{"count":0,"href":"https:\/\/theelliesoutter.foundation\/fr\/wp-json\/wp\/v2\/pages\/1095\/revisions"}],"wp:attachment":[{"href":"https:\/\/theelliesoutter.foundation\/fr\/wp-json\/wp\/v2\/media?parent=1095"}],"curies":[{"name":"wp","href":"https:\/\/api.w.org\/{rel}","templated":true}]}}